{"id":8581,"date":"2025-07-22T19:07:02","date_gmt":"2025-07-22T19:07:02","guid":{"rendered":"https:\/\/encoreemea.wpenginepowered.com\/cookie-liste\/"},"modified":"2025-09-28T17:52:03","modified_gmt":"2025-09-28T17:52:03","slug":"cookie-liste","status":"publish","type":"page","link":"https:\/\/www.encore-emea.com\/de\/cookie-liste\/","title":{"rendered":"Cookie-Liste"},"content":{"rendered":"<div class=\"custom-block padding--bottom \" > <div class=\"breadcrumb-container\"><div class=\"container\"><nav class=\"breadcrumb\"><div class=\"breadcrumb__home\"><a href=\"https:\/\/www.encore-emea.com\/de\/\"><span class=\"breadcrumb__home__icon\"><svg xmlns=\"http:\/\/www.w3.org\/2000\/svg\" width=\"24\" height=\"24\" viewBox=\"0 0 24 24\" fill=\"none\"><path fill-rule=\"evenodd\" clip-rule=\"evenodd\" d=\"M12.1919 7.02537C12.0673 6.99154 11.9325 6.99154 11.8079 7.02537C11.7896 7.03034 11.7359 7.04697 11.5943 7.14418C11.4414 7.24911 11.2514 7.40082 10.9417 7.64961L7.1004 10.7346C6.73765 11.026 6.70113 11.0657 6.68057 11.0936C6.64692 11.139 6.62568 11.1841 6.61376 11.226L6.61333 11.2279C6.61333 11.2279 6.61235 11.2327 6.6115 11.2386C6.60971 11.2509 6.60718 11.2733 6.60506 11.3128C6.60033 11.4008 6.6 11.517 6.6 11.7234V17H9.4V15.0628C9.4 13.6205 10.6465 12.5943 12 12.5943C13.3535 12.5943 14.6 13.6205 14.6 15.0628V17H17.4V11.7234C17.4 11.5175 17.3996 11.4012 17.3948 11.3135C17.3927 11.2742 17.3901 11.2517 17.3883 11.2393C17.3874 11.2333 17.3864 11.2283 17.3864 11.2283L17.3859 11.226C17.3734 11.1821 17.352 11.1373 17.3197 11.0936C17.2991 11.0658 17.2626 11.0261 16.8998 10.7346L13.0598 7.65062C12.7496 7.40152 12.5593 7.24956 12.4062 7.14448C12.2643 7.0471 12.2104 7.03038 12.1919 7.02537ZM19.4 17V11.7234C19.4 11.699 19.4 11.6744 19.4001 11.6498C19.4007 11.3339 19.4013 11.0009 19.3094 10.6784C19.2298 10.3987 19.0999 10.1372 18.9277 9.9043C18.7319 9.63963 18.4719 9.43143 18.2108 9.22229C18.1912 9.20663 18.1717 9.19097 18.1521 9.17528L14.2876 6.07159C14.0103 5.84887 13.7608 5.64843 13.5378 5.49541C13.297 5.33019 13.0335 5.18143 12.7159 5.09521C12.2482 4.96826 11.7517 4.96826 11.284 5.09521C10.9665 5.1814 10.7031 5.33011 10.4626 5.49518C10.2401 5.64788 9.99113 5.84782 9.71468 6.06987L5.84804 9.17528C5.8286 9.19089 5.80915 9.20647 5.78971 9.22204C5.52834 9.43135 5.26837 9.63955 5.07256 9.9043C4.90155 10.1355 4.7704 10.3967 4.69019 10.6784C4.59861 11.0001 4.59927 11.3329 4.5999 11.6467C4.59995 11.6724 4.6 11.698 4.6 11.7234V17H4C3.44772 17 3 17.4477 3 18C3 18.5523 3.44772 19 4 19H20C20.5523 19 21 18.5523 21 18C21 17.4477 20.5523 17 20 17H19.4ZM12.6 17V15.0628C12.6 14.883 12.4138 14.5943 12 14.5943C11.5862 14.5943 11.4 14.883 11.4 15.0628V17H12.6Z\" fill=\"#1F1646\"\/><\/svg> <\/span><span class=\"breadcrumb__home__name\">Startseite <\/span><\/a><span class=\"delimiter\">\/<\/span><\/div><div class=\"breadcrumb__parents\"> <button class=\"text breadcrumb__parents__menu\">&#8230; &nbsp;\/<\/button><\/div><div class=\"breadcrumb__dropdown shadow\"><\/div><div class=\"breadcrumb__current\"><span>Cookie-Liste<\/span><\/div><\/nav><\/div><\/div> <\/div><div class=\"custom-block \" > <div class=\"text-block\"><div class=\"container container--fluid\"><div class=\"row justify-center\"><div class=\"col-lg-10\"><div class=\"centered\"> <div class=\"headline\" data-pinnable><h3 style=\"text-align: center;\">Cookie-Liste<\/h3>\n<\/div> <div class=\"text\" data-pinnable><p style=\"text-align: center;\">Encore verwendet Cookies und \u00e4hnliche Technologien, um Ihr Website-Erlebnis zu verbessern, die Nutzung zu analysieren und Marketingma\u00dfnahmen zu unterst\u00fctzen. Die konkret eingesetzten Cookies k\u00f6nnen sich im Laufe der Zeit je nach Website-Funktionalit\u00e4t und Benutzerpr\u00e4ferenzen \u00e4ndern. <\/p>\n<p style=\"text-align: center;\">Eine detaillierte Erkl\u00e4rung, wie wir Cookies verwalten, finden Sie in unserer Datenschutzerkl\u00e4rung.<\/p>\n<\/div><\/div><\/div><\/div><\/div><\/div> <\/div><div class=\"custom-block padding--bottom \" > <div class=\"custom-button\"><div class=\"container container--fluid\"><div class=\"button-container centered\">  <a href=\"https:\/\/www.encore-emea.com\/de\/privacy-policy\/\" target=\"\" class=\"btn btn-primary\"><span class=\"btn__text\">Datenschutzerkl\u00e4rung<\/span>  <svg class=\"js-downloadSVG\" width=\"24\" height=\"24\" viewBox=\"0 0 24 24\" fill=\"none\" xmlns=\"http:\/\/www.w3.org\/2000\/svg\" aria-labelledby=\"svgTitle svgDesc\"> <title id=\"svgTitle\">arrow right<\/title> <desc id=\"svgDesc\">arrow right icon<\/desc> <path fill-rule=\"evenodd\" clip-rule=\"evenodd\" d=\"M12.2859 7.29993C12.6726 6.90556 13.3057 6.89929 13.7001 7.28593L17.7001 11.2075C17.8919 11.3956 18 11.6529 18 11.9216C18 12.1902 17.8919 12.4476 17.7001 12.6356L13.7001 16.5572C13.3057 16.9438 12.6726 16.9376 12.2859 16.5432C11.8993 16.1488 11.9056 15.5157 12.2999 15.1291L14.5516 12.9216H7C6.44772 12.9216 6 12.4739 6 11.9216C6 11.3693 6.44772 10.9216 7 10.9216H14.5516L12.2999 8.71407C11.9056 8.32743 11.8993 7.6943 12.2859 7.29993Z\" fill=\"#1F1646\"\/><\/svg>  <\/a> <\/div><\/div><\/div> <\/div>","protected":false},"excerpt":{"rendered":"","protected":false},"author":4,"featured_media":0,"parent":0,"menu_order":0,"comment_status":"closed","ping_status":"closed","template":"","meta":{"_acf_changed":false,"inline_featured_image":false,"footnotes":""},"class_list":["post-8581","page","type-page","status-publish","hentry"],"acf":[],"yoast_head":"<!-- This site is optimized with the Yoast SEO Premium plugin v26.7 (Yoast SEO v26.7) - https:\/\/yoast.com\/wordpress\/plugins\/seo\/ -->\n<title>Cookie-Liste | Encore\u00ae<\/title>\n<meta name=\"robots\" content=\"index, follow, max-snippet:-1, max-image-preview:large, max-video-preview:-1\" \/>\n<link rel=\"canonical\" href=\"https:\/\/www.encore-emea.com\/de\/cookie-liste\/\" \/>\n<meta property=\"og:locale\" content=\"de_DE\" \/>\n<meta property=\"og:type\" content=\"article\" \/>\n<meta property=\"og:title\" content=\"Cookie-Liste\" \/>\n<meta property=\"og:url\" content=\"https:\/\/www.encore-emea.com\/de\/cookie-liste\/\" \/>\n<meta property=\"og:site_name\" content=\"Encore\u00ae\" \/>\n<meta property=\"article:publisher\" content=\"https:\/\/www.facebook.com\/encoreglobal1\/\" \/>\n<meta property=\"article:modified_time\" content=\"2025-09-28T17:52:03+00:00\" \/>\n<meta property=\"og:image\" content=\"https:\/\/www.encore-emea.com\/wp-content\/uploads\/2025\/04\/encore-global-og.png\" \/>\n\t<meta property=\"og:image:width\" content=\"1200\" \/>\n\t<meta property=\"og:image:height\" content=\"675\" \/>\n\t<meta property=\"og:image:type\" content=\"image\/png\" \/>\n<meta name=\"twitter:card\" content=\"summary_large_image\" \/>\n<meta name=\"twitter:site\" content=\"@EncoreGlobal_\" \/>\n<script type=\"application\/ld+json\" class=\"yoast-schema-graph\">{\"@context\":\"https:\/\/schema.org\",\"@graph\":[{\"@type\":\"WebPage\",\"@id\":\"https:\/\/www.encore-emea.com\/de\/cookie-liste\/\",\"url\":\"https:\/\/www.encore-emea.com\/de\/cookie-liste\/\",\"name\":\"Cookie-Liste | Encore\u00ae\",\"isPartOf\":{\"@id\":\"https:\/\/www.encore-emea.com\/de\/#website\"},\"datePublished\":\"2025-07-22T19:07:02+00:00\",\"dateModified\":\"2025-09-28T17:52:03+00:00\",\"breadcrumb\":{\"@id\":\"https:\/\/www.encore-emea.com\/de\/cookie-liste\/#breadcrumb\"},\"inLanguage\":\"de\",\"potentialAction\":[{\"@type\":\"ReadAction\",\"target\":[\"https:\/\/www.encore-emea.com\/de\/cookie-liste\/\"]}]},{\"@type\":\"BreadcrumbList\",\"@id\":\"https:\/\/www.encore-emea.com\/de\/cookie-liste\/#breadcrumb\",\"itemListElement\":[{\"@type\":\"ListItem\",\"position\":1,\"name\":\"Home\",\"item\":\"https:\/\/www.encore-emea.com\/de\/\"},{\"@type\":\"ListItem\",\"position\":2,\"name\":\"Cookie-Liste\"}]},{\"@type\":\"WebSite\",\"@id\":\"https:\/\/www.encore-emea.com\/de\/#website\",\"url\":\"https:\/\/www.encore-emea.com\/de\/\",\"name\":\"Encore\u00ae\",\"description\":\"Events That Transform\",\"publisher\":{\"@id\":\"https:\/\/www.encore-emea.com\/de\/#organization\"},\"potentialAction\":[{\"@type\":\"SearchAction\",\"target\":{\"@type\":\"EntryPoint\",\"urlTemplate\":\"https:\/\/www.encore-emea.com\/de\/?s={search_term_string}\"},\"query-input\":{\"@type\":\"PropertyValueSpecification\",\"valueRequired\":true,\"valueName\":\"search_term_string\"}}],\"inLanguage\":\"de\"},{\"@type\":\"Organization\",\"@id\":\"https:\/\/www.encore-emea.com\/de\/#organization\",\"name\":\"Encore\u00ae\",\"url\":\"https:\/\/www.encore-emea.com\/de\/\",\"logo\":{\"@type\":\"ImageObject\",\"inLanguage\":\"de\",\"@id\":\"https:\/\/www.encore-emea.com\/de\/#\/schema\/logo\/image\/\",\"url\":\"https:\/\/www.encore-emea.com\/wp-content\/uploads\/2025\/04\/encore-logo-e1743947984637.png\",\"contentUrl\":\"https:\/\/www.encore-emea.com\/wp-content\/uploads\/2025\/04\/encore-logo-e1743947984637.png\",\"width\":1202,\"height\":330,\"caption\":\"Encore\u00ae\"},\"image\":{\"@id\":\"https:\/\/www.encore-emea.com\/de\/#\/schema\/logo\/image\/\"},\"sameAs\":[\"https:\/\/www.facebook.com\/encoreglobal1\/\",\"https:\/\/x.com\/EncoreGlobal_\",\"https:\/\/www.instagram.com\/encore_global\/\",\"https:\/\/www.linkedin.com\/company\/encoreglobal\"]}]}<\/script>\n<!-- \/ Yoast SEO Premium plugin. -->","yoast_head_json":{"title":"Cookie-Liste | Encore\u00ae","robots":{"index":"index","follow":"follow","max-snippet":"max-snippet:-1","max-image-preview":"max-image-preview:large","max-video-preview":"max-video-preview:-1"},"canonical":"https:\/\/www.encore-emea.com\/de\/cookie-liste\/","og_locale":"de_DE","og_type":"article","og_title":"Cookie-Liste","og_url":"https:\/\/www.encore-emea.com\/de\/cookie-liste\/","og_site_name":"Encore\u00ae","article_publisher":"https:\/\/www.facebook.com\/encoreglobal1\/","article_modified_time":"2025-09-28T17:52:03+00:00","og_image":[{"width":1200,"height":675,"url":"https:\/\/www.encore-emea.com\/wp-content\/uploads\/2025\/04\/encore-global-og.png","type":"image\/png"}],"twitter_card":"summary_large_image","twitter_site":"@EncoreGlobal_","schema":{"@context":"https:\/\/schema.org","@graph":[{"@type":"WebPage","@id":"https:\/\/www.encore-emea.com\/de\/cookie-liste\/","url":"https:\/\/www.encore-emea.com\/de\/cookie-liste\/","name":"Cookie-Liste | Encore\u00ae","isPartOf":{"@id":"https:\/\/www.encore-emea.com\/de\/#website"},"datePublished":"2025-07-22T19:07:02+00:00","dateModified":"2025-09-28T17:52:03+00:00","breadcrumb":{"@id":"https:\/\/www.encore-emea.com\/de\/cookie-liste\/#breadcrumb"},"inLanguage":"de","potentialAction":[{"@type":"ReadAction","target":["https:\/\/www.encore-emea.com\/de\/cookie-liste\/"]}]},{"@type":"BreadcrumbList","@id":"https:\/\/www.encore-emea.com\/de\/cookie-liste\/#breadcrumb","itemListElement":[{"@type":"ListItem","position":1,"name":"Home","item":"https:\/\/www.encore-emea.com\/de\/"},{"@type":"ListItem","position":2,"name":"Cookie-Liste"}]},{"@type":"WebSite","@id":"https:\/\/www.encore-emea.com\/de\/#website","url":"https:\/\/www.encore-emea.com\/de\/","name":"Encore\u00ae","description":"Events That Transform","publisher":{"@id":"https:\/\/www.encore-emea.com\/de\/#organization"},"potentialAction":[{"@type":"SearchAction","target":{"@type":"EntryPoint","urlTemplate":"https:\/\/www.encore-emea.com\/de\/?s={search_term_string}"},"query-input":{"@type":"PropertyValueSpecification","valueRequired":true,"valueName":"search_term_string"}}],"inLanguage":"de"},{"@type":"Organization","@id":"https:\/\/www.encore-emea.com\/de\/#organization","name":"Encore\u00ae","url":"https:\/\/www.encore-emea.com\/de\/","logo":{"@type":"ImageObject","inLanguage":"de","@id":"https:\/\/www.encore-emea.com\/de\/#\/schema\/logo\/image\/","url":"https:\/\/www.encore-emea.com\/wp-content\/uploads\/2025\/04\/encore-logo-e1743947984637.png","contentUrl":"https:\/\/www.encore-emea.com\/wp-content\/uploads\/2025\/04\/encore-logo-e1743947984637.png","width":1202,"height":330,"caption":"Encore\u00ae"},"image":{"@id":"https:\/\/www.encore-emea.com\/de\/#\/schema\/logo\/image\/"},"sameAs":["https:\/\/www.facebook.com\/encoreglobal1\/","https:\/\/x.com\/EncoreGlobal_","https:\/\/www.instagram.com\/encore_global\/","https:\/\/www.linkedin.com\/company\/encoreglobal"]}]}},"_links":{"self":[{"href":"https:\/\/www.encore-emea.com\/de\/wp-json\/wp\/v2\/pages\/8581","targetHints":{"allow":["GET"]}}],"collection":[{"href":"https:\/\/www.encore-emea.com\/de\/wp-json\/wp\/v2\/pages"}],"about":[{"href":"https:\/\/www.encore-emea.com\/de\/wp-json\/wp\/v2\/types\/page"}],"author":[{"embeddable":true,"href":"https:\/\/www.encore-emea.com\/de\/wp-json\/wp\/v2\/users\/4"}],"replies":[{"embeddable":true,"href":"https:\/\/www.encore-emea.com\/de\/wp-json\/wp\/v2\/comments?post=8581"}],"version-history":[{"count":0,"href":"https:\/\/www.encore-emea.com\/de\/wp-json\/wp\/v2\/pages\/8581\/revisions"}],"wp:attachment":[{"href":"https:\/\/www.encore-emea.com\/de\/wp-json\/wp\/v2\/media?parent=8581"}],"curies":[{"name":"wp","href":"https:\/\/api.w.org\/{rel}","templated":true}]}}