{"id":9254,"date":"2025-04-12T03:53:20","date_gmt":"2025-04-12T03:53:20","guid":{"rendered":"https:\/\/encoreemea.wpenginepowered.com\/?page_id=9254"},"modified":"2025-10-23T04:58:03","modified_gmt":"2025-10-23T04:58:03","slug":"campus-partnerschaften-encore-at-work","status":"publish","type":"page","link":"https:\/\/www.encore-emea.com\/de\/veranstaltungspartner-startseite\/mit-wem-wir-zusammenarbeiten\/campus-partnerschaften-encore-at-work\/","title":{"rendered":"Campus-Partnerschaften &amp; Encore at Work"},"content":{"rendered":"<div class=\"custom-block padding--bottom \" > <div class=\"breadcrumb-container\"><div class=\"container\"><nav class=\"breadcrumb\"><div class=\"breadcrumb__home\"><a href=\"https:\/\/www.encore-emea.com\/de\/\"><span class=\"breadcrumb__home__icon\"><svg xmlns=\"http:\/\/www.w3.org\/2000\/svg\" width=\"24\" height=\"24\" viewBox=\"0 0 24 24\" fill=\"none\"><path fill-rule=\"evenodd\" clip-rule=\"evenodd\" d=\"M12.1919 7.02537C12.0673 6.99154 11.9325 6.99154 11.8079 7.02537C11.7896 7.03034 11.7359 7.04697 11.5943 7.14418C11.4414 7.24911 11.2514 7.40082 10.9417 7.64961L7.1004 10.7346C6.73765 11.026 6.70113 11.0657 6.68057 11.0936C6.64692 11.139 6.62568 11.1841 6.61376 11.226L6.61333 11.2279C6.61333 11.2279 6.61235 11.2327 6.6115 11.2386C6.60971 11.2509 6.60718 11.2733 6.60506 11.3128C6.60033 11.4008 6.6 11.517 6.6 11.7234V17H9.4V15.0628C9.4 13.6205 10.6465 12.5943 12 12.5943C13.3535 12.5943 14.6 13.6205 14.6 15.0628V17H17.4V11.7234C17.4 11.5175 17.3996 11.4012 17.3948 11.3135C17.3927 11.2742 17.3901 11.2517 17.3883 11.2393C17.3874 11.2333 17.3864 11.2283 17.3864 11.2283L17.3859 11.226C17.3734 11.1821 17.352 11.1373 17.3197 11.0936C17.2991 11.0658 17.2626 11.0261 16.8998 10.7346L13.0598 7.65062C12.7496 7.40152 12.5593 7.24956 12.4062 7.14448C12.2643 7.0471 12.2104 7.03038 12.1919 7.02537ZM19.4 17V11.7234C19.4 11.699 19.4 11.6744 19.4001 11.6498C19.4007 11.3339 19.4013 11.0009 19.3094 10.6784C19.2298 10.3987 19.0999 10.1372 18.9277 9.9043C18.7319 9.63963 18.4719 9.43143 18.2108 9.22229C18.1912 9.20663 18.1717 9.19097 18.1521 9.17528L14.2876 6.07159C14.0103 5.84887 13.7608 5.64843 13.5378 5.49541C13.297 5.33019 13.0335 5.18143 12.7159 5.09521C12.2482 4.96826 11.7517 4.96826 11.284 5.09521C10.9665 5.1814 10.7031 5.33011 10.4626 5.49518C10.2401 5.64788 9.99113 5.84782 9.71468 6.06987L5.84804 9.17528C5.8286 9.19089 5.80915 9.20647 5.78971 9.22204C5.52834 9.43135 5.26837 9.63955 5.07256 9.9043C4.90155 10.1355 4.7704 10.3967 4.69019 10.6784C4.59861 11.0001 4.59927 11.3329 4.5999 11.6467C4.59995 11.6724 4.6 11.698 4.6 11.7234V17H4C3.44772 17 3 17.4477 3 18C3 18.5523 3.44772 19 4 19H20C20.5523 19 21 18.5523 21 18C21 17.4477 20.5523 17 20 17H19.4ZM12.6 17V15.0628C12.6 14.883 12.4138 14.5943 12 14.5943C11.5862 14.5943 11.4 14.883 11.4 15.0628V17H12.6Z\" fill=\"#1F1646\"\/><\/svg> <\/span><span class=\"breadcrumb__home__name\">Startseite <\/span><\/a><span class=\"delimiter\">\/<\/span><\/div><div class=\"breadcrumb__parents\"> <button class=\"text breadcrumb__parents__menu\">&#8230; &nbsp;\/<\/button><\/div><div class=\"breadcrumb__dropdown shadow\"><\/div><div class=\"breadcrumb__current\"><span>Campus-Partnerschaften &amp; Encore at Work<\/span><\/div><\/nav><\/div><\/div> <\/div>\n\n<div class=\"custom-block padding--bottom \" > <div class=\"single-resource-hero\" id=\"block_3ec7c8583160eaae186634771488f84e\" data-theme=\"midnight-elegance\"><div class=\"wrap-shapes\"><div class=\"container\"><div class=\"shapes\"><svg width=\"133\" height=\"91\" viewBox=\"0 0 133 91\" fill=\"none\" xmlns=\"http:\/\/www.w3.org\/2000\/svg\"><path d=\"M9.87022 19.5547L19 28.5581L9.87022 37.5615L0.740437 28.5581L9.87022 19.5547Z\" fill=\"var(--color2)\"\/><path d=\"M47.9562 0.000174339L71 22.7251L47.9562 45.45L24.9124 22.7251L47.9562 0.000174339Z\" fill=\"var(--color2)\"\/><path d=\"M38.9138 55.1376L53 69.0288L38.9139 82.92L24.8277 69.0288L38.9138 55.1376Z\" fill=\"var(--color3)\"\/><path d=\"M96.7761 19.3633L133 55.0859L96.776 90.8086L60.5521 55.0859L96.7761 19.3633Z\" fill=\"var(--color1)\"\/><\/svg><\/div><\/div><\/div><div class=\"container container--sm\"><div class=\"row align-center justify-between mobile-reverse\"><div class=\"col-12\"><div class=\"resource-hero__content\"><p class=\"eyebrow font--purple\" data-pinnable><span class=\"font--blue\">Gastfreundschaft an den Arbeitsplatz bringen<\/span><\/p> <h1 class=\"title headline\" data-pinnable>Campus-Partnerschaften &amp; Encore at Work<\/h1>  <div class=\"text\" data-pinnable><p>Wenn es um Ihr Campus-, B\u00fcro- und andere Vor-Ort-Meetings und Veranstaltungen geht, unterst\u00fctzen wir Ihre Anforderungen mit unvergleichlicher Fachkompetenz und liefern flexible, kosteneffiziente L\u00f6sungen f\u00fcr nahtlose, hochwertige Erlebnisse.<\/p>\n<\/div>   <\/div><\/div><div class=\"col-12\"> <div class=\"wrap-image   wrap-image--fill  wrap-video--margin\" id=\"video-block_3ec7c8583160eaae186634771488f84e\" data-pinnable>  <picture><source media=\"(min-width: 1200px)\" srcset=\"https:\/\/www.encore-emea.com\/wp-content\/uploads\/2025\/04\/AdobeStock_1076409929-copy.webp\" type=\"image\/webp\"><source media=\"(min-width: 768px)\" srcset=\"https:\/\/www.encore-emea.com\/wp-content\/uploads\/2025\/04\/AdobeStock_1076409929-copy.webp\" type=\"image\/webp\"><source media=\"(min-width: 400px)\" srcset=\"https:\/\/www.encore-emea.com\/wp-content\/uploads\/2025\/04\/AdobeStock_1076409929-copy-768x494.webp\" type=\"image\/webp\"><source srcset=\"https:\/\/www.encore-emea.com\/wp-content\/uploads\/2025\/04\/AdobeStock_1076409929-copy-450x290.webp\" type=\"image\/webp\"><img decoding=\"async\" src=\"https:\/\/www.encore-emea.com\/wp-content\/uploads\/2025\/04\/AdobeStock_1076409929-copy.jpg\" loading=\"lazy\" alt=\"Modern office space with glass walls, open workstations, people walking and working, and a staircase leading to an upper level. The atmosphere is bright with natural and artificial lighting.\"><\/picture>   <\/div><\/div><\/div><\/div><\/div><\/div><\/div> <\/div>\n\n<div class=\"custom-block \" ><div class=\"container container--sm\"> <div class=\"text-block\"><div class=\"container container--fluid\"><div class=\"\"> <div class=\"headline\" data-pinnable><h2 class=\"title title--md\">Komplettes Meeting-Tech-Management \u2013 vereinfacht<\/h2>\n<\/div> <div class=\"text\" data-pinnable><p data-start=\"387\" data-end=\"698\">Verwandeln Sie Ihren Campus, Ihr B\u00fcro und Ihre Vor-Ort-Events mit Encore, wo \u00fcber 80 Jahre Erfahrung auf reibungslose Umsetzung treffen. Wir \u00fcbernehmen alle Ihre AV-Programm-Anforderungen \u2013 von Technik und Personal bis hin zu Inventar und Ger\u00e4tewartung \u2013 f\u00fcr pers\u00f6nliche, hybride und virtuelle Zusammenk\u00fcnfte.<\/p>\n<p data-start=\"700\" data-end=\"1209\">Ob Klassenzimmer, Schulungssitzung oder eine standort\u00fcbergreifende Townhall, wir arbeiten mit Ihnen zusammen, um wirkungsvolle Veranstaltungen zu liefern, die Ihre einzigartige Unternehmenskultur widerspiegeln. Unser Team f\u00fcgt sich in die Atmosph\u00e4re und Werte Ihrer Organisation ein und stellt sicher, dass sich jede Veranstaltung authentisch zu Ihrer Marke anf\u00fchlt. Lassen Sie uns Ihnen helfen, ein Erlebnis zu schaffen, das wirklich Ihres ist \u2013 bei dem Ihre Kultur f\u00fcr maximale Wirkung zum Ausdruck kommt.<\/p>\n<\/div><\/div><\/div><\/div> <\/div><\/div>\n\n<div class=\"custom-block \" ><div class=\"container container--sm\"> <div class=\"text-block\"><div class=\"container container--fluid\"><div class=\"\"> <div class=\"headline\" data-pinnable><h2 class=\"title title--md\">Lassen Sie uns die Arbeit \u00fcbernehmen<\/h2>\n<\/div> <div class=\"text\" data-pinnable><p data-start=\"1251\" data-end=\"1522\">roblemloses AV-Management: Wir \u00fcbernehmen die vollst\u00e4ndige administrative Kontrolle \u00fcber Ihr AV-Programm und nehmen Ihnen die Kopfschmerzen der Verwaltung von Equipment, Personal und Veranstaltungstechnik ab \u2013 ganz gleich, ob Ihr Erlebnis fr\u00fch beginnt oder sp\u00e4t endet.<\/p>\n<p data-start=\"1524\" data-end=\"1662\">Optimierte technische Integration: Wir verbessern Ihr aktuelles Design und integrierte Systeme f\u00fcr optimale Leistung und Funktionalit\u00e4t.<\/p>\n<p data-start=\"1664\" data-end=\"1981\">Individueller White-Glove-Support: Durch Vor-Ort-Personal k\u00f6nnen wir Herausforderungen von Ihnen oder Ihren Teilnehmenden schnell mit einer gastfreundschaftlich gepr\u00e4gten Denkweise begegnen, eng mit Ihren Teams zusammenarbeiten und Unterst\u00fctzung aus unserem umfangreichen Netzwerk an Ressourcen und Talenten nutzen.<\/p>\n<\/div><\/div><\/div><\/div> <\/div><\/div>\n\n<div class=\"custom-block padding--bottom \" ><div class=\"container container--sm\"> <div class=\"text-block\"><div class=\"container container--fluid\"><div class=\"\"> <div class=\"headline\" data-pinnable><h2 class=\"title title--md\">Maximaler Wert, minimale Kosten<\/h2>\n<\/div> <div class=\"text\" data-pinnable><p data-start=\"2018\" data-end=\"2196\">Lebenszyklus-Management f\u00fcr Equipment: Wir verwalten Ihr AV-Inventar, senken Reparaturkosten und stellen Ersatzoptionen bereit, um Ihre Systeme reibungslos am Laufen zu halten.<\/p>\n<p data-start=\"2198\" data-end=\"2408\">Effiziente Personall\u00f6sungen: Durch die Verwaltung und F\u00f6rderung des Teams reduzieren wir den Bedarf an zus\u00e4tzlicher Belegschaft, w\u00e4hrend wir gleichzeitig deren berufliches Wachstum und Mobilit\u00e4t unterst\u00fctzen.<\/p>\n<p data-start=\"2410\" data-end=\"2670\">Unvergleichliches Engagement in Teamlernen &amp; -entwicklung: Jedes Encore-Teammitglied absolviert \u00fcber 60 Stunden kontinuierliches technisches Training, sodass Sie von Experten unterst\u00fctzt werden, die an der Spitze von Technologie und Branchenstandards stehen.<\/p>\n<\/div><\/div><\/div><\/div> <\/div><\/div>\n\n<div class=\"custom-block padding--bottom-lg \" > <div class=\"footer-callout\" ><div class=\"container\"><div class=\"footer-callout-content\"><div class=\"title-container\"><h2 class=\"title title--lg\" data-pinnable>Gestalten Sie Ihren Arbeitsplatz neu \u2013 mit Support auf Gastgewerbe-Niveau, jeden Tag.<\/span><\/h2><\/div> <div class=\"footer-callout-links\"> <a href=\"https:\/\/www.encore-emea.com\/de\/venue-partners\/partner-with-us\/\" class=\"btn btn--outline related-link\">Partnerschaft mit uns <svg xmlns=\"http:\/\/www.w3.org\/2000\/svg\" width=\"25\" height=\"24\" viewBox=\"0 0 25 24\" fill=\"none\"><path fill-rule=\"evenodd\" clip-rule=\"evenodd\" d=\"M12.7859 7.29993C13.1726 6.90556 13.8057 6.89929 14.2001 7.28593L18.2001 11.2075C18.3919 11.3956 18.5 11.6529 18.5 11.9216C18.5 12.1902 18.3919 12.4476 18.2001 12.6356L14.2001 16.5572C13.8057 16.9438 13.1726 16.9376 12.7859 16.5432C12.3993 16.1488 12.4056 15.5157 12.7999 15.1291L15.0516 12.9216H7.5C6.94772 12.9216 6.5 12.4739 6.5 11.9216C6.5 11.3693 6.94772 10.9216 7.5 10.9216H15.0516L12.7999 8.71407C12.4056 8.32743 12.3993 7.6943 12.7859 7.29993Z\" fill=\"#1F1646\"\/><\/svg> <\/a>  <a href=\"https:\/\/create.encoreglobal.com\/eSubscribe\" class=\"btn btn-primary\">Abonnieren Sie unseren Newsletter  <svg class=\"js-downloadSVG\" width=\"24\" height=\"24\" viewBox=\"0 0 24 24\" fill=\"none\" xmlns=\"http:\/\/www.w3.org\/2000\/svg\" aria-labelledby=\"svgTitle svgDesc\"> <title id=\"svgTitle\">contact<\/title> <desc id=\"svgDesc\">contact icon<\/desc> <path fill-rule=\"evenodd\" clip-rule=\"evenodd\" d=\"M4 4.75V14.4056L6.08191 12.7224C6.25987 12.5785 6.48178 12.5 6.71063 12.5H15.5V4.75H4ZM17.5 7.25V4.5C17.5 4.03587 17.3156 3.59075 16.9874 3.26256C16.6592 2.93437 16.2141 2.75 15.75 2.75H3.75C3.28587 2.75 2.84075 2.93438 2.51256 3.26256C2.18438 3.59075 2 4.03587 2 4.5V16.5C2 16.8853 2.2214 17.2364 2.56914 17.4024C2.91687 17.5684 3.32906 17.5199 3.62871 17.2776L6.5 14.9562V17.25C6.5 17.7141 6.68438 18.1592 7.01256 18.4874C7.34075 18.8156 7.78587 19 8.25 19H16.9357L20.3713 21.7776C20.6709 22.0199 21.0831 22.0684 21.4309 21.9024C21.7786 21.7364 22 21.3853 22 21V9C22 8.53587 21.8156 8.09075 21.4874 7.76256C21.1592 7.43438 20.7141 7.25 20.25 7.25H17.5ZM17.5 9.25V12.75C17.5 13.2141 17.3156 13.6592 16.9874 13.9874C16.6592 14.3156 16.2141 14.5 15.75 14.5H8.5V17H17.2894C17.5182 17 17.7401 17.0785 17.9181 17.2224L20 18.9056V9.25H17.5Z\" fill=\"#1F1646\"\/><\/svg>  <\/a><\/div><\/div><div class=\"callout-decoration \"> <svg xmlns=\"http:\/\/www.w3.org\/2000\/svg\" width=\"241\" height=\"156\" viewBox=\"0 0 241 156\" fill=\"none\"><path d=\"M191.066 56.8865L240.341 106.167L191.066 155.447L141.791 106.167L191.066 56.8865Z\" fill=\"var(--color1)\"\/><path d=\"M180.228 -7.34888e-06L194.785 14.5592L180.228 29.1184L165.67 14.5592L180.228 -7.34888e-06Z\" fill=\"var(--color2)\"\/><path d=\"M101.228 44.8871L138.78 82.4439L101.228 120.001L63.6747 82.444L101.228 44.8871Z\" fill=\"var(--color3)\"\/><path d=\"M19.1705 116.887L38.3409 136.059L19.1705 155.232L-4.3628e-06 136.059L19.1705 116.887Z\" fill=\"var(--color1)\"\/><\/svg> <\/div><\/div><\/div> <\/div>\n\n\n<p><\/p>\n","protected":false},"excerpt":{"rendered":"","protected":false},"author":4,"featured_media":0,"parent":9225,"menu_order":0,"comment_status":"closed","ping_status":"closed","template":"","meta":{"_acf_changed":false,"inline_featured_image":false,"footnotes":""},"class_list":["post-9254","page","type-page","status-publish","hentry"],"acf":[],"yoast_head":"<!-- This site is optimized with the Yoast SEO Premium plugin v26.7 (Yoast SEO v26.7) - https:\/\/yoast.com\/wordpress\/plugins\/seo\/ -->\n<title>Campus-Partnerschaften &amp; Encore at Work | Encore\u00ae<\/title>\n<meta name=\"robots\" content=\"index, follow, max-snippet:-1, max-image-preview:large, max-video-preview:-1\" \/>\n<link rel=\"canonical\" href=\"https:\/\/www.encore-emea.com\/de\/veranstaltungspartner-startseite\/mit-wem-wir-zusammenarbeiten\/campus-partnerschaften-encore-at-work\/\" \/>\n<meta property=\"og:locale\" content=\"de_DE\" \/>\n<meta property=\"og:type\" content=\"article\" \/>\n<meta property=\"og:title\" content=\"Campus-Partnerschaften &amp; Encore at Work\" \/>\n<meta property=\"og:url\" content=\"https:\/\/www.encore-emea.com\/de\/veranstaltungspartner-startseite\/mit-wem-wir-zusammenarbeiten\/campus-partnerschaften-encore-at-work\/\" \/>\n<meta property=\"og:site_name\" content=\"Encore\u00ae\" \/>\n<meta property=\"article:publisher\" content=\"https:\/\/www.facebook.com\/encoreglobal1\/\" \/>\n<meta property=\"article:modified_time\" content=\"2025-10-23T04:58:03+00:00\" \/>\n<meta property=\"og:image\" content=\"https:\/\/www.encore-emea.com\/wp-content\/uploads\/2025\/04\/encore-global-og.png\" \/>\n\t<meta property=\"og:image:width\" content=\"1200\" \/>\n\t<meta property=\"og:image:height\" content=\"675\" \/>\n\t<meta property=\"og:image:type\" content=\"image\/png\" \/>\n<meta name=\"twitter:card\" content=\"summary_large_image\" \/>\n<meta name=\"twitter:site\" content=\"@EncoreGlobal_\" \/>\n<script type=\"application\/ld+json\" class=\"yoast-schema-graph\">{\"@context\":\"https:\/\/schema.org\",\"@graph\":[{\"@type\":\"WebPage\",\"@id\":\"https:\/\/www.encore-emea.com\/de\/veranstaltungspartner-startseite\/mit-wem-wir-zusammenarbeiten\/campus-partnerschaften-encore-at-work\/\",\"url\":\"https:\/\/www.encore-emea.com\/de\/veranstaltungspartner-startseite\/mit-wem-wir-zusammenarbeiten\/campus-partnerschaften-encore-at-work\/\",\"name\":\"Campus-Partnerschaften &amp; Encore at Work | Encore\u00ae\",\"isPartOf\":{\"@id\":\"https:\/\/www.encore-emea.com\/de\/#website\"},\"datePublished\":\"2025-04-12T03:53:20+00:00\",\"dateModified\":\"2025-10-23T04:58:03+00:00\",\"breadcrumb\":{\"@id\":\"https:\/\/www.encore-emea.com\/de\/veranstaltungspartner-startseite\/mit-wem-wir-zusammenarbeiten\/campus-partnerschaften-encore-at-work\/#breadcrumb\"},\"inLanguage\":\"de\",\"potentialAction\":[{\"@type\":\"ReadAction\",\"target\":[\"https:\/\/www.encore-emea.com\/de\/veranstaltungspartner-startseite\/mit-wem-wir-zusammenarbeiten\/campus-partnerschaften-encore-at-work\/\"]}]},{\"@type\":\"BreadcrumbList\",\"@id\":\"https:\/\/www.encore-emea.com\/de\/veranstaltungspartner-startseite\/mit-wem-wir-zusammenarbeiten\/campus-partnerschaften-encore-at-work\/#breadcrumb\",\"itemListElement\":[{\"@type\":\"ListItem\",\"position\":1,\"name\":\"Home\",\"item\":\"https:\/\/www.encore-emea.com\/de\/\"},{\"@type\":\"ListItem\",\"position\":2,\"name\":\"Veranstaltungspartner: Startseite\",\"item\":\"https:\/\/www.encore-emea.com\/de\/veranstaltungspartner-startseite\/\"},{\"@type\":\"ListItem\",\"position\":3,\"name\":\"Mit wem wir zusammenarbeiten\",\"item\":\"https:\/\/www.encore-emea.com\/de\/veranstaltungspartner-startseite\/mit-wem-wir-zusammenarbeiten\/\"},{\"@type\":\"ListItem\",\"position\":4,\"name\":\"Campus-Partnerschaften &amp; Encore at Work\"}]},{\"@type\":\"WebSite\",\"@id\":\"https:\/\/www.encore-emea.com\/de\/#website\",\"url\":\"https:\/\/www.encore-emea.com\/de\/\",\"name\":\"Encore\u00ae\",\"description\":\"Events That Transform\",\"publisher\":{\"@id\":\"https:\/\/www.encore-emea.com\/de\/#organization\"},\"potentialAction\":[{\"@type\":\"SearchAction\",\"target\":{\"@type\":\"EntryPoint\",\"urlTemplate\":\"https:\/\/www.encore-emea.com\/de\/?s={search_term_string}\"},\"query-input\":{\"@type\":\"PropertyValueSpecification\",\"valueRequired\":true,\"valueName\":\"search_term_string\"}}],\"inLanguage\":\"de\"},{\"@type\":\"Organization\",\"@id\":\"https:\/\/www.encore-emea.com\/de\/#organization\",\"name\":\"Encore\u00ae\",\"url\":\"https:\/\/www.encore-emea.com\/de\/\",\"logo\":{\"@type\":\"ImageObject\",\"inLanguage\":\"de\",\"@id\":\"https:\/\/www.encore-emea.com\/de\/#\/schema\/logo\/image\/\",\"url\":\"https:\/\/www.encore-emea.com\/wp-content\/uploads\/2025\/04\/encore-logo-e1743947984637.png\",\"contentUrl\":\"https:\/\/www.encore-emea.com\/wp-content\/uploads\/2025\/04\/encore-logo-e1743947984637.png\",\"width\":1202,\"height\":330,\"caption\":\"Encore\u00ae\"},\"image\":{\"@id\":\"https:\/\/www.encore-emea.com\/de\/#\/schema\/logo\/image\/\"},\"sameAs\":[\"https:\/\/www.facebook.com\/encoreglobal1\/\",\"https:\/\/x.com\/EncoreGlobal_\",\"https:\/\/www.instagram.com\/encore_global\/\",\"https:\/\/www.linkedin.com\/company\/encoreglobal\"]}]}<\/script>\n<!-- \/ Yoast SEO Premium plugin. -->","yoast_head_json":{"title":"Campus-Partnerschaften &amp; Encore at Work | Encore\u00ae","robots":{"index":"index","follow":"follow","max-snippet":"max-snippet:-1","max-image-preview":"max-image-preview:large","max-video-preview":"max-video-preview:-1"},"canonical":"https:\/\/www.encore-emea.com\/de\/veranstaltungspartner-startseite\/mit-wem-wir-zusammenarbeiten\/campus-partnerschaften-encore-at-work\/","og_locale":"de_DE","og_type":"article","og_title":"Campus-Partnerschaften &amp; Encore at Work","og_url":"https:\/\/www.encore-emea.com\/de\/veranstaltungspartner-startseite\/mit-wem-wir-zusammenarbeiten\/campus-partnerschaften-encore-at-work\/","og_site_name":"Encore\u00ae","article_publisher":"https:\/\/www.facebook.com\/encoreglobal1\/","article_modified_time":"2025-10-23T04:58:03+00:00","og_image":[{"width":1200,"height":675,"url":"https:\/\/www.encore-emea.com\/wp-content\/uploads\/2025\/04\/encore-global-og.png","type":"image\/png"}],"twitter_card":"summary_large_image","twitter_site":"@EncoreGlobal_","schema":{"@context":"https:\/\/schema.org","@graph":[{"@type":"WebPage","@id":"https:\/\/www.encore-emea.com\/de\/veranstaltungspartner-startseite\/mit-wem-wir-zusammenarbeiten\/campus-partnerschaften-encore-at-work\/","url":"https:\/\/www.encore-emea.com\/de\/veranstaltungspartner-startseite\/mit-wem-wir-zusammenarbeiten\/campus-partnerschaften-encore-at-work\/","name":"Campus-Partnerschaften &amp; Encore at Work | Encore\u00ae","isPartOf":{"@id":"https:\/\/www.encore-emea.com\/de\/#website"},"datePublished":"2025-04-12T03:53:20+00:00","dateModified":"2025-10-23T04:58:03+00:00","breadcrumb":{"@id":"https:\/\/www.encore-emea.com\/de\/veranstaltungspartner-startseite\/mit-wem-wir-zusammenarbeiten\/campus-partnerschaften-encore-at-work\/#breadcrumb"},"inLanguage":"de","potentialAction":[{"@type":"ReadAction","target":["https:\/\/www.encore-emea.com\/de\/veranstaltungspartner-startseite\/mit-wem-wir-zusammenarbeiten\/campus-partnerschaften-encore-at-work\/"]}]},{"@type":"BreadcrumbList","@id":"https:\/\/www.encore-emea.com\/de\/veranstaltungspartner-startseite\/mit-wem-wir-zusammenarbeiten\/campus-partnerschaften-encore-at-work\/#breadcrumb","itemListElement":[{"@type":"ListItem","position":1,"name":"Home","item":"https:\/\/www.encore-emea.com\/de\/"},{"@type":"ListItem","position":2,"name":"Veranstaltungspartner: Startseite","item":"https:\/\/www.encore-emea.com\/de\/veranstaltungspartner-startseite\/"},{"@type":"ListItem","position":3,"name":"Mit wem wir zusammenarbeiten","item":"https:\/\/www.encore-emea.com\/de\/veranstaltungspartner-startseite\/mit-wem-wir-zusammenarbeiten\/"},{"@type":"ListItem","position":4,"name":"Campus-Partnerschaften &amp; Encore at Work"}]},{"@type":"WebSite","@id":"https:\/\/www.encore-emea.com\/de\/#website","url":"https:\/\/www.encore-emea.com\/de\/","name":"Encore\u00ae","description":"Events That Transform","publisher":{"@id":"https:\/\/www.encore-emea.com\/de\/#organization"},"potentialAction":[{"@type":"SearchAction","target":{"@type":"EntryPoint","urlTemplate":"https:\/\/www.encore-emea.com\/de\/?s={search_term_string}"},"query-input":{"@type":"PropertyValueSpecification","valueRequired":true,"valueName":"search_term_string"}}],"inLanguage":"de"},{"@type":"Organization","@id":"https:\/\/www.encore-emea.com\/de\/#organization","name":"Encore\u00ae","url":"https:\/\/www.encore-emea.com\/de\/","logo":{"@type":"ImageObject","inLanguage":"de","@id":"https:\/\/www.encore-emea.com\/de\/#\/schema\/logo\/image\/","url":"https:\/\/www.encore-emea.com\/wp-content\/uploads\/2025\/04\/encore-logo-e1743947984637.png","contentUrl":"https:\/\/www.encore-emea.com\/wp-content\/uploads\/2025\/04\/encore-logo-e1743947984637.png","width":1202,"height":330,"caption":"Encore\u00ae"},"image":{"@id":"https:\/\/www.encore-emea.com\/de\/#\/schema\/logo\/image\/"},"sameAs":["https:\/\/www.facebook.com\/encoreglobal1\/","https:\/\/x.com\/EncoreGlobal_","https:\/\/www.instagram.com\/encore_global\/","https:\/\/www.linkedin.com\/company\/encoreglobal"]}]}},"_links":{"self":[{"href":"https:\/\/www.encore-emea.com\/de\/wp-json\/wp\/v2\/pages\/9254","targetHints":{"allow":["GET"]}}],"collection":[{"href":"https:\/\/www.encore-emea.com\/de\/wp-json\/wp\/v2\/pages"}],"about":[{"href":"https:\/\/www.encore-emea.com\/de\/wp-json\/wp\/v2\/types\/page"}],"author":[{"embeddable":true,"href":"https:\/\/www.encore-emea.com\/de\/wp-json\/wp\/v2\/users\/4"}],"replies":[{"embeddable":true,"href":"https:\/\/www.encore-emea.com\/de\/wp-json\/wp\/v2\/comments?post=9254"}],"version-history":[{"count":0,"href":"https:\/\/www.encore-emea.com\/de\/wp-json\/wp\/v2\/pages\/9254\/revisions"}],"up":[{"embeddable":true,"href":"https:\/\/www.encore-emea.com\/de\/wp-json\/wp\/v2\/pages\/9225"}],"wp:attachment":[{"href":"https:\/\/www.encore-emea.com\/de\/wp-json\/wp\/v2\/media?parent=9254"}],"curies":[{"name":"wp","href":"https:\/\/api.w.org\/{rel}","templated":true}]}}