{"id":13635,"date":"2025-11-04T14:04:38","date_gmt":"2025-11-04T14:04:38","guid":{"rendered":"https:\/\/www.encore-emea.com\/?page_id=13635"},"modified":"2026-02-24T14:58:36","modified_gmt":"2026-02-24T14:58:36","slug":"offre-promotionnelle-conditions-generales-q2","status":"publish","type":"page","link":"https:\/\/www.encore-emea.com\/fr\/offre-promotionnelle-conditions-generales-q2\/","title":{"rendered":"Offre\u00a0promotionnelle\u00a0\u2013 Conditions\u00a0g\u00e9n\u00e9rales\u00a0Q2"},"content":{"rendered":"<div class=\"custom-block padding--bottom \" > <div class=\"text-block\"><div class=\"container container--fluid\"><div class=\"\"> <div class=\"headline\" data-pinnable><h3 style=\"text-align: left;\"><span class=\"TextRun SCXW124133479 BCX8\" lang=\"EN-GB\" xml:lang=\"EN-GB\" data-contrast=\"auto\"><span class=\"NormalTextRun SpellingErrorV2Themed SCXW124133479 BCX8\">Offre<\/span><span class=\"NormalTextRun SCXW124133479 BCX8\">\u00a0<\/span><span class=\"NormalTextRun SpellingErrorV2Themed SCXW124133479 BCX8\">promotionnelle<\/span><span class=\"NormalTextRun SCXW124133479 BCX8\">\u00a0\u2013 Conditions\u00a0<\/span><span class=\"NormalTextRun SpellingErrorV2Themed SCXW124133479 BCX8\">g\u00e9n\u00e9rales<\/span><\/span><span class=\"EOP SCXW124133479 BCX8\" data-ccp-props=\"{&quot;134233117&quot;:false,&quot;134233118&quot;:false,&quot;335559738&quot;:240,&quot;335559739&quot;:240}\">\u00a0<\/span><\/h3>\n<\/div> <div class=\"text\" data-pinnable><ol>\n<li><b><span data-contrast=\"auto\">Organisateur<\/span><\/b>\n<div>L\u2019organisateur de cette offre est <strong>Encore \u2013 Audio Visual Services Corporation SARL<\/strong>, soci\u00e9t\u00e9 enregistr\u00e9e au RCS de Nanterre sous le num\u00e9ro <strong>448 972 000<\/strong>, dont le si\u00e8ge social est situ\u00e9 :<br \/>\n<strong>Lot D4\u20111, 99\u2011101 Avenue Louis Roche, 92230 Gennevilliers, France<\/strong>.<\/div>\n<\/li>\n<li><b><span data-contrast=\"auto\">D\u00e9tails de l\u2019offre<\/span><\/b>\n<div>La promotion offre un <strong>cr\u00e9dit de 500 \u20ac<\/strong> pour les \u00e9v\u00e9nements \u00e9ligibles, sous r\u00e9serve d\u2019un <strong>montant minimum de 5\u202f000 \u20ac (hors TVA)<\/strong>, applicable aux prestations <strong>Audio et Vid\u00e9o Encore<\/strong> se d\u00e9roulant <strong>exclusivement en mai 2026<\/strong>.<\/div>\n<\/li>\n<li><b><span data-contrast=\"auto\">P\u00e9riode de r\u00e9servation et validit\u00e9<br \/>\n<\/span><\/b>Pour \u00eatre \u00e9ligibles \u00e0 cette promotion, <strong>les demandes et r\u00e9servations doivent \u00eatre confirm\u00e9es au plus tard au cours de la premi\u00e8re semaine d\u2019avril 2026<\/strong>.<\/li>\n<li><b><span data-contrast=\"auto\">Disponibilit\u00e9<br \/>\n<\/span><\/b>L\u2019offre est valable uniquement dans <strong>certains sites en France<\/strong>, sous r\u00e9serve de la <strong>disponibilit\u00e9 des \u00e9quipements et des ressources<\/strong> au moment de la demande et de la confirmation.<\/li>\n<li><b><span data-contrast=\"auto\">Exclusions<br \/>\n<\/span><\/b>Cette offre <strong>ne peut \u00eatre cumul\u00e9e<\/strong> avec aucune autre promotion, remise ou offre promotionnelle existante.<\/p>\n<div>\n<p>Le cr\u00e9dit s\u2019applique uniquement aux <strong>\u00e9quipements Audio et Vid\u00e9o Encore<\/strong> et <strong>exclut<\/strong> :<\/p>\n<ul>\n<li>la location de mat\u00e9riel tiers,<\/li>\n<li>la main\u2011d\u2019\u0153uvre,<\/li>\n<li>le transport,<\/li>\n<li>les services suppl\u00e9mentaires,<\/li>\n<\/ul>\n<p>sauf accord \u00e9crit pr\u00e9alable.<\/p>\n<\/div>\n<\/li>\n<li><b><span data-contrast=\"auto\">Non transf\u00e9rable<\/span><\/b>\n<div>L\u2019offre est <strong>non transf\u00e9rable<\/strong>, ne peut faire l\u2019objet d\u2019aucune contrepartie financi\u00e8re et <strong>ne peut \u00eatre ni \u00e9chang\u00e9e ni remplac\u00e9e<\/strong>.<\/p>\n<\/div>\n<\/li>\n<li><b><span data-contrast=\"auto\">Modification\u00a0ou\u00a0retrait<\/span><\/b>\n<div>Encore se r\u00e9serve le droit de <strong>modifier, suspendre ou mettre fin<\/strong> \u00e0 cette promotion \u00e0 tout moment et sans pr\u00e9avis, sous r\u00e9serve des dispositions l\u00e9gales applicables.<\/div>\n<\/li>\n<li><b><span data-contrast=\"auto\">Modification ou annulation de l\u2019\u00e9v\u00e9nement<\/span><\/b>\n<div>En cas de report, de reprogrammation ou d\u2019annulation de l\u2019\u00e9v\u00e9nement, l\u2019offre pourra ne plus s\u2019appliquer et l\u2019\u00e9ligibilit\u00e9 sera examin\u00e9e <strong>au cas par cas<\/strong>.<\/div>\n<\/li>\n<li><b><span data-contrast=\"auto\">Limitation de responsabilit\u00e9<\/span><\/b>\n<div>Encore d\u00e9cline toute responsabilit\u00e9 en cas de perte r\u00e9sultant de circonstances ind\u00e9pendantes de sa volont\u00e9 raisonnable, notamment (sans s\u2019y limiter) les restrictions impos\u00e9es par le lieu, la disponibilit\u00e9 technique ou les cas de force majeure.<\/div>\n<\/li>\n<li><b><span data-contrast=\"auto\">Protection des donn\u00e9es<\/span><\/b>\n<div>Toute donn\u00e9e personnelle soumise sera trait\u00e9e conform\u00e9ment \u00e0 la l\u00e9gislation applicable en mati\u00e8re de protection des donn\u00e9es et \u00e0 la politique de confidentialit\u00e9 d\u2019Encore<span class=\"TextRun SCXW259399216 BCX8\" lang=\"EN-GB\" xml:lang=\"EN-GB\" data-contrast=\"auto\"><span class=\"NormalTextRun SCXW259399216 BCX8\">:<\/span><\/span><span class=\"LineBreakBlob BlobObject DragDrop SCXW259399216 BCX8\"><span class=\"SCXW259399216 BCX8\">\u00a0<\/span><\/span><\/div>\n<p><a class=\"Hyperlink SCXW259399216 BCX8\" href=\"https:\/\/www.encore-emea.com\/fr\/terms-and-conditions-tac-france\/\" target=\"_blank\" rel=\"noreferrer noopener\"><span class=\"TextRun Underlined SCXW259399216 BCX8\" lang=\"EN-GB\" xml:lang=\"EN-GB\" data-contrast=\"none\"><span class=\"NormalTextRun SCXW259399216 BCX8\" data-ccp-charstyle=\"Hyperlink\">https:\/\/www.encore-emea.com\/fr\/terms-and-conditions-tac-france\/<\/span><\/span><\/a><\/li>\n<li><b><span data-contrast=\"auto\">Droit applicable<\/span><\/b>\n<div>Les pr\u00e9sentes conditions g\u00e9n\u00e9rales sont r\u00e9gies par le <strong>droit anglais<\/strong>, et tout litige sera soumis \u00e0 la comp\u00e9tence exclusive des tribunaux d\u2019Angleterre et du Pays de Galles.<\/div>\n<\/li>\n<li><b><span data-contrast=\"auto\">Acceptation<\/span><\/b>\n<div>En soumettant une demande ou en proc\u00e9dant \u00e0 une r\u00e9servation dans le cadre de cette promotion, vous confirmez avoir <strong>lu, compris et accept\u00e9<\/strong> les pr\u00e9sentes conditions g\u00e9n\u00e9rales.<\/div>\n<\/li>\n<\/ol>\n<\/div><\/div><\/div><\/div> <\/div>","protected":false},"excerpt":{"rendered":"","protected":false},"author":11,"featured_media":0,"parent":0,"menu_order":0,"comment_status":"closed","ping_status":"closed","template":"","meta":{"_acf_changed":false,"inline_featured_image":false,"footnotes":""},"class_list":["post-13635","page","type-page","status-publish","hentry"],"acf":[],"yoast_head":"<!-- This site is optimized with the Yoast SEO Premium plugin v26.7 (Yoast SEO v26.7) - https:\/\/yoast.com\/wordpress\/plugins\/seo\/ -->\n<title>Offre\u00a0promotionnelle\u00a0\u2013 Conditions\u00a0g\u00e9n\u00e9rales\u00a0Q2 | Encore\u00ae<\/title>\n<meta name=\"robots\" content=\"index, follow, max-snippet:-1, max-image-preview:large, max-video-preview:-1\" \/>\n<link rel=\"canonical\" href=\"https:\/\/www.encore-emea.com\/fr\/offre-promotionnelle-conditions-generales-q2\/\" \/>\n<meta property=\"og:locale\" content=\"fr_FR\" \/>\n<meta property=\"og:type\" content=\"article\" \/>\n<meta property=\"og:title\" content=\"Offre\u00a0promotionnelle\u00a0\u2013 Conditions\u00a0g\u00e9n\u00e9rales\u00a0Q2\" \/>\n<meta property=\"og:url\" content=\"https:\/\/www.encore-emea.com\/fr\/offre-promotionnelle-conditions-generales-q2\/\" \/>\n<meta property=\"og:site_name\" content=\"Encore\u00ae\" \/>\n<meta property=\"article:publisher\" content=\"https:\/\/www.facebook.com\/encoreglobal1\/\" \/>\n<meta property=\"article:modified_time\" content=\"2026-02-24T14:58:36+00:00\" \/>\n<meta property=\"og:image\" content=\"https:\/\/www.encore-emea.com\/wp-content\/uploads\/2025\/04\/encore-global-og.png\" \/>\n\t<meta property=\"og:image:width\" content=\"1200\" \/>\n\t<meta property=\"og:image:height\" content=\"675\" \/>\n\t<meta property=\"og:image:type\" content=\"image\/png\" \/>\n<meta name=\"twitter:card\" content=\"summary_large_image\" \/>\n<meta name=\"twitter:site\" content=\"@EncoreGlobal_\" \/>\n<script type=\"application\/ld+json\" class=\"yoast-schema-graph\">{\"@context\":\"https:\/\/schema.org\",\"@graph\":[{\"@type\":\"WebPage\",\"@id\":\"https:\/\/www.encore-emea.com\/fr\/offre-promotionnelle-conditions-generales-q2\/\",\"url\":\"https:\/\/www.encore-emea.com\/fr\/offre-promotionnelle-conditions-generales-q2\/\",\"name\":\"Offre\u00a0promotionnelle\u00a0\u2013 Conditions\u00a0g\u00e9n\u00e9rales\u00a0Q2 | Encore\u00ae\",\"isPartOf\":{\"@id\":\"https:\/\/www.encore-emea.com\/fr\/#website\"},\"datePublished\":\"2025-11-04T14:04:38+00:00\",\"dateModified\":\"2026-02-24T14:58:36+00:00\",\"breadcrumb\":{\"@id\":\"https:\/\/www.encore-emea.com\/fr\/offre-promotionnelle-conditions-generales-q2\/#breadcrumb\"},\"inLanguage\":\"fr-FR\",\"potentialAction\":[{\"@type\":\"ReadAction\",\"target\":[\"https:\/\/www.encore-emea.com\/fr\/offre-promotionnelle-conditions-generales-q2\/\"]}]},{\"@type\":\"BreadcrumbList\",\"@id\":\"https:\/\/www.encore-emea.com\/fr\/offre-promotionnelle-conditions-generales-q2\/#breadcrumb\",\"itemListElement\":[{\"@type\":\"ListItem\",\"position\":1,\"name\":\"Home\",\"item\":\"https:\/\/www.encore-emea.com\/fr\/\"},{\"@type\":\"ListItem\",\"position\":2,\"name\":\"Offre\u00a0promotionnelle\u00a0\u2013 Conditions\u00a0g\u00e9n\u00e9rales\u00a0Q2\"}]},{\"@type\":\"WebSite\",\"@id\":\"https:\/\/www.encore-emea.com\/fr\/#website\",\"url\":\"https:\/\/www.encore-emea.com\/fr\/\",\"name\":\"Encore\u00ae\",\"description\":\"Events That Transform\",\"publisher\":{\"@id\":\"https:\/\/www.encore-emea.com\/fr\/#organization\"},\"potentialAction\":[{\"@type\":\"SearchAction\",\"target\":{\"@type\":\"EntryPoint\",\"urlTemplate\":\"https:\/\/www.encore-emea.com\/fr\/?s={search_term_string}\"},\"query-input\":{\"@type\":\"PropertyValueSpecification\",\"valueRequired\":true,\"valueName\":\"search_term_string\"}}],\"inLanguage\":\"fr-FR\"},{\"@type\":\"Organization\",\"@id\":\"https:\/\/www.encore-emea.com\/fr\/#organization\",\"name\":\"Encore\u00ae\",\"url\":\"https:\/\/www.encore-emea.com\/fr\/\",\"logo\":{\"@type\":\"ImageObject\",\"inLanguage\":\"fr-FR\",\"@id\":\"https:\/\/www.encore-emea.com\/fr\/#\/schema\/logo\/image\/\",\"url\":\"https:\/\/www.encore-emea.com\/wp-content\/uploads\/2025\/04\/encore-logo-e1743947984637.png\",\"contentUrl\":\"https:\/\/www.encore-emea.com\/wp-content\/uploads\/2025\/04\/encore-logo-e1743947984637.png\",\"width\":1202,\"height\":330,\"caption\":\"Encore\u00ae\"},\"image\":{\"@id\":\"https:\/\/www.encore-emea.com\/fr\/#\/schema\/logo\/image\/\"},\"sameAs\":[\"https:\/\/www.facebook.com\/encoreglobal1\/\",\"https:\/\/x.com\/EncoreGlobal_\",\"https:\/\/www.instagram.com\/encore_global\/\",\"https:\/\/www.linkedin.com\/company\/encoreglobal\"]}]}<\/script>\n<!-- \/ Yoast SEO Premium plugin. -->","yoast_head_json":{"title":"Offre\u00a0promotionnelle\u00a0\u2013 Conditions\u00a0g\u00e9n\u00e9rales\u00a0Q2 | Encore\u00ae","robots":{"index":"index","follow":"follow","max-snippet":"max-snippet:-1","max-image-preview":"max-image-preview:large","max-video-preview":"max-video-preview:-1"},"canonical":"https:\/\/www.encore-emea.com\/fr\/offre-promotionnelle-conditions-generales-q2\/","og_locale":"fr_FR","og_type":"article","og_title":"Offre\u00a0promotionnelle\u00a0\u2013 Conditions\u00a0g\u00e9n\u00e9rales\u00a0Q2","og_url":"https:\/\/www.encore-emea.com\/fr\/offre-promotionnelle-conditions-generales-q2\/","og_site_name":"Encore\u00ae","article_publisher":"https:\/\/www.facebook.com\/encoreglobal1\/","article_modified_time":"2026-02-24T14:58:36+00:00","og_image":[{"width":1200,"height":675,"url":"https:\/\/www.encore-emea.com\/wp-content\/uploads\/2025\/04\/encore-global-og.png","type":"image\/png"}],"twitter_card":"summary_large_image","twitter_site":"@EncoreGlobal_","schema":{"@context":"https:\/\/schema.org","@graph":[{"@type":"WebPage","@id":"https:\/\/www.encore-emea.com\/fr\/offre-promotionnelle-conditions-generales-q2\/","url":"https:\/\/www.encore-emea.com\/fr\/offre-promotionnelle-conditions-generales-q2\/","name":"Offre\u00a0promotionnelle\u00a0\u2013 Conditions\u00a0g\u00e9n\u00e9rales\u00a0Q2 | Encore\u00ae","isPartOf":{"@id":"https:\/\/www.encore-emea.com\/fr\/#website"},"datePublished":"2025-11-04T14:04:38+00:00","dateModified":"2026-02-24T14:58:36+00:00","breadcrumb":{"@id":"https:\/\/www.encore-emea.com\/fr\/offre-promotionnelle-conditions-generales-q2\/#breadcrumb"},"inLanguage":"fr-FR","potentialAction":[{"@type":"ReadAction","target":["https:\/\/www.encore-emea.com\/fr\/offre-promotionnelle-conditions-generales-q2\/"]}]},{"@type":"BreadcrumbList","@id":"https:\/\/www.encore-emea.com\/fr\/offre-promotionnelle-conditions-generales-q2\/#breadcrumb","itemListElement":[{"@type":"ListItem","position":1,"name":"Home","item":"https:\/\/www.encore-emea.com\/fr\/"},{"@type":"ListItem","position":2,"name":"Offre\u00a0promotionnelle\u00a0\u2013 Conditions\u00a0g\u00e9n\u00e9rales\u00a0Q2"}]},{"@type":"WebSite","@id":"https:\/\/www.encore-emea.com\/fr\/#website","url":"https:\/\/www.encore-emea.com\/fr\/","name":"Encore\u00ae","description":"Events That Transform","publisher":{"@id":"https:\/\/www.encore-emea.com\/fr\/#organization"},"potentialAction":[{"@type":"SearchAction","target":{"@type":"EntryPoint","urlTemplate":"https:\/\/www.encore-emea.com\/fr\/?s={search_term_string}"},"query-input":{"@type":"PropertyValueSpecification","valueRequired":true,"valueName":"search_term_string"}}],"inLanguage":"fr-FR"},{"@type":"Organization","@id":"https:\/\/www.encore-emea.com\/fr\/#organization","name":"Encore\u00ae","url":"https:\/\/www.encore-emea.com\/fr\/","logo":{"@type":"ImageObject","inLanguage":"fr-FR","@id":"https:\/\/www.encore-emea.com\/fr\/#\/schema\/logo\/image\/","url":"https:\/\/www.encore-emea.com\/wp-content\/uploads\/2025\/04\/encore-logo-e1743947984637.png","contentUrl":"https:\/\/www.encore-emea.com\/wp-content\/uploads\/2025\/04\/encore-logo-e1743947984637.png","width":1202,"height":330,"caption":"Encore\u00ae"},"image":{"@id":"https:\/\/www.encore-emea.com\/fr\/#\/schema\/logo\/image\/"},"sameAs":["https:\/\/www.facebook.com\/encoreglobal1\/","https:\/\/x.com\/EncoreGlobal_","https:\/\/www.instagram.com\/encore_global\/","https:\/\/www.linkedin.com\/company\/encoreglobal"]}]}},"_links":{"self":[{"href":"https:\/\/www.encore-emea.com\/fr\/wp-json\/wp\/v2\/pages\/13635","targetHints":{"allow":["GET"]}}],"collection":[{"href":"https:\/\/www.encore-emea.com\/fr\/wp-json\/wp\/v2\/pages"}],"about":[{"href":"https:\/\/www.encore-emea.com\/fr\/wp-json\/wp\/v2\/types\/page"}],"author":[{"embeddable":true,"href":"https:\/\/www.encore-emea.com\/fr\/wp-json\/wp\/v2\/users\/11"}],"replies":[{"embeddable":true,"href":"https:\/\/www.encore-emea.com\/fr\/wp-json\/wp\/v2\/comments?post=13635"}],"version-history":[{"count":2,"href":"https:\/\/www.encore-emea.com\/fr\/wp-json\/wp\/v2\/pages\/13635\/revisions"}],"predecessor-version":[{"id":13638,"href":"https:\/\/www.encore-emea.com\/fr\/wp-json\/wp\/v2\/pages\/13635\/revisions\/13638"}],"wp:attachment":[{"href":"https:\/\/www.encore-emea.com\/fr\/wp-json\/wp\/v2\/media?parent=13635"}],"curies":[{"name":"wp","href":"https:\/\/api.w.org\/{rel}","templated":true}]}}