{"id":7994,"date":"2025-02-14T19:49:29","date_gmt":"2025-02-14T19:49:29","guid":{"rendered":"https:\/\/encorecanada.wpenginepowered.com\/direction\/"},"modified":"2025-09-29T01:21:36","modified_gmt":"2025-09-29T01:21:36","slug":"direction","status":"publish","type":"page","link":"https:\/\/www.encore-emea.com\/fr\/a-propos\/direction\/","title":{"rendered":"Direction"},"content":{"rendered":"<div class=\"custom-block padding--bottom \" > <div class=\"breadcrumb-container\"><div class=\"container\"><nav class=\"breadcrumb\"><div class=\"breadcrumb__home\"><a href=\"https:\/\/www.encore-emea.com\/fr\/\"><span class=\"breadcrumb__home__icon\"><svg xmlns=\"http:\/\/www.w3.org\/2000\/svg\" width=\"24\" height=\"24\" viewBox=\"0 0 24 24\" fill=\"none\"><path fill-rule=\"evenodd\" clip-rule=\"evenodd\" d=\"M12.1919 7.02537C12.0673 6.99154 11.9325 6.99154 11.8079 7.02537C11.7896 7.03034 11.7359 7.04697 11.5943 7.14418C11.4414 7.24911 11.2514 7.40082 10.9417 7.64961L7.1004 10.7346C6.73765 11.026 6.70113 11.0657 6.68057 11.0936C6.64692 11.139 6.62568 11.1841 6.61376 11.226L6.61333 11.2279C6.61333 11.2279 6.61235 11.2327 6.6115 11.2386C6.60971 11.2509 6.60718 11.2733 6.60506 11.3128C6.60033 11.4008 6.6 11.517 6.6 11.7234V17H9.4V15.0628C9.4 13.6205 10.6465 12.5943 12 12.5943C13.3535 12.5943 14.6 13.6205 14.6 15.0628V17H17.4V11.7234C17.4 11.5175 17.3996 11.4012 17.3948 11.3135C17.3927 11.2742 17.3901 11.2517 17.3883 11.2393C17.3874 11.2333 17.3864 11.2283 17.3864 11.2283L17.3859 11.226C17.3734 11.1821 17.352 11.1373 17.3197 11.0936C17.2991 11.0658 17.2626 11.0261 16.8998 10.7346L13.0598 7.65062C12.7496 7.40152 12.5593 7.24956 12.4062 7.14448C12.2643 7.0471 12.2104 7.03038 12.1919 7.02537ZM19.4 17V11.7234C19.4 11.699 19.4 11.6744 19.4001 11.6498C19.4007 11.3339 19.4013 11.0009 19.3094 10.6784C19.2298 10.3987 19.0999 10.1372 18.9277 9.9043C18.7319 9.63963 18.4719 9.43143 18.2108 9.22229C18.1912 9.20663 18.1717 9.19097 18.1521 9.17528L14.2876 6.07159C14.0103 5.84887 13.7608 5.64843 13.5378 5.49541C13.297 5.33019 13.0335 5.18143 12.7159 5.09521C12.2482 4.96826 11.7517 4.96826 11.284 5.09521C10.9665 5.1814 10.7031 5.33011 10.4626 5.49518C10.2401 5.64788 9.99113 5.84782 9.71468 6.06987L5.84804 9.17528C5.8286 9.19089 5.80915 9.20647 5.78971 9.22204C5.52834 9.43135 5.26837 9.63955 5.07256 9.9043C4.90155 10.1355 4.7704 10.3967 4.69019 10.6784C4.59861 11.0001 4.59927 11.3329 4.5999 11.6467C4.59995 11.6724 4.6 11.698 4.6 11.7234V17H4C3.44772 17 3 17.4477 3 18C3 18.5523 3.44772 19 4 19H20C20.5523 19 21 18.5523 21 18C21 17.4477 20.5523 17 20 17H19.4ZM12.6 17V15.0628C12.6 14.883 12.4138 14.5943 12 14.5943C11.5862 14.5943 11.4 14.883 11.4 15.0628V17H12.6Z\" fill=\"#1F1646\"\/><\/svg> <\/span><span class=\"breadcrumb__home__name\">Accueil <\/span><\/a><span class=\"delimiter\">\/<\/span><\/div><div class=\"breadcrumb__parents\"> <button class=\"text breadcrumb__parents__menu\">&#8230; &nbsp;\/<\/button><\/div><div class=\"breadcrumb__dropdown shadow\"><\/div><div class=\"breadcrumb__current\"><span>Direction<\/span><\/div><\/nav><\/div><\/div> <\/div>\n\n<div class=\"custom-block padding--bottom \" > <div class=\"wrap-hero wrap-hero--single \" ><div class=\"container\"><div class=\"row flex-justify-center\"><div class=\"rhombus-decoration\"><svg width=\"133\" height=\"91\" viewBox=\"0 0 133 91\" fill=\"none\" xmlns=\"http:\/\/www.w3.org\/2000\/svg\"><path d=\"M123.13 71.2539L114 62.2505L123.13 53.2471L132.26 62.2505L123.13 71.2539Z\" fill=\"var(--color2)\"\/><path d=\"M85.0438 90.8084L62 68.0835L85.0438 45.3586L108.088 68.0835L85.0438 90.8084Z\" fill=\"var(--color1)\"\/><path d=\"M94.0862 35.671L80 21.7798L94.0861 7.88859L108.172 21.7798L94.0862 35.671Z\" fill=\" var(--color1)\"\/><path d=\"M36.224 71.4453L0 35.7227L36.224 -4.88276e-06L72.4479 35.7227L36.224 71.4453Z\" fill=\"var(--color3)\"\/><\/svg><\/div> <div class=\" col-lg-10\"><div class=\"hero__content\"><p class=\"eyebrow font--purple\" data-pinnable>Direction <\/p> <h1 class=\"title title--xl headline\" data-pinnable>Nos talents sont l\u00e0 <span class=\"font--purple\">pour vous <\/span>\n<\/span><\/h1>  <div class=\"text text--lg\" data-pinnable><p>Vous constaterez que notre \u00e9quipe mondiale de leaders poss\u00e8de un sens inn\u00e9 de la curiosit\u00e9, de l\u2019imagination et de la d\u00e9termination pour transformer votre vision en une r\u00e9alit\u00e9 remarquable. De la planification \u00e0 l\u2019ex\u00e9cution, nous retroussons nos manches pour co-cr\u00e9er des exp\u00e9riences incroyables. <\/p>\n<\/div>    <\/div><\/div><\/div><\/div><\/div><\/div> <\/div>\n\n<div class=\"custom-block \" > <div class=\"decoration mobile-hide\" ><div class=\"container\"><div class=\"shapes style--1 position-left\" style=\"top: 1500px\"><svg xmlns=\"http:\/\/www.w3.org\/2000\/svg\" width=\"198\" height=\"139\" viewBox=\"0 0 198 139\" fill=\"none\"><path d=\"M95.436 92.7501L72.3226 115.866L95.436 138.982L118.549 115.866L95.436 92.7501Z\" fill=\"#00BFDE\"\/><path d=\"M49.2742 0.750226L-0.000610352 50.0303L49.2743 99.3103L98.5491 50.0303L49.2742 0.750226Z\" fill=\"#1B75BC\"\/><path d=\"M146.992 77.7501L132.434 92.3093L146.992 106.869L161.549 92.3093L146.992 77.7501Z\" fill=\"#A7549F\"\/><path d=\"M132.381 0.749976L106.213 26.9207L132.381 53.0913L158.549 26.9207L132.381 0.749976Z\" fill=\"#00BFDE\"\/><path d=\"M186.635 95.75L175.721 106.665L186.635 117.58L197.549 106.665L186.635 95.75Z\" fill=\"#1B75BC\"\/><\/svg><\/div><\/div><\/div> <\/div>\n\n<div class=\"custom-block padding--bottom \" > <div class=\"leadership-grid\" id=\"block_0c65131c20f71641a134d6b9a78d8e9a\" data-locked><div class=\"container\"><div class=\"row justify-center\"><div class=\"col-md-11 col-lg-10\"><div class=\"wrap-grid\"><div class=\"row\"><template v-for=\"(member, idx) in peopleInfo\"><div class=\"col-md-6 col-lg-4\"><div class=\"card\" @click=\"openDetail(idx)\"><div class=\"card__image\"><picture><source media=\"(min-width: 400px)\" :srcset=\"member.image\" type=\"image\/webp\"><source :srcset=\"member.image_sm\" type=\"image\/webp\"><img :src=\"member.image\" loading=\"lazy\" :alt=\"member.title\"><\/picture><\/div><div class=\"card__content\"><div class=\"card__text\"><h3 class=\"title title--xs\">${ member.title }<\/h3><span class=\"text text--sm\">${ member.fields.role }<\/span><\/div><div class=\"btn\"><svg width=\"24\" height=\"24\" viewBox=\"0 0 24 24\" fill=\"none\" xmlns=\"http:\/\/www.w3.org\/2000\/svg\" aria-labelledby=\"svgTitle svgDesc\"><title id=\"svgTitle\">plus<\/title><desc id=\"svgDesc\">plus icon<\/desc><path fill-rule=\"evenodd\" clip-rule=\"evenodd\" d=\"M12 4C12.5474 4 12.9912 4.44378 12.9912 4.99121V11.0088H19.0088C19.5562 11.0088 20 11.4526 20 12C20 12.5474 19.5562 12.9912 19.0088 12.9912L12.9912 12.9912V19.0088C12.9912 19.5562 12.5474 20 12 20C11.4526 20 11.0088 19.5562 11.0088 19.0088V12.9912L4.99121 12.9912C4.44378 12.9912 4 12.5474 4 12C4 11.4526 4.44378 11.0088 4.99121 11.0088H11.0088V4.99121C11.0088 4.44378 11.4526 4 12 4Z\" fill=\"#1F1646\"><\/path><\/svg><\/div><\/div><\/div><\/div><\/template><\/div><\/div><\/div><\/div><\/div><dialog class=\"modal modal--leadership\" ref=\"leadershipModal\"><button class=\"modal-close\" @click=\"closeDetail\"><svg xmlns=\"http:\/\/www.w3.org\/2000\/svg\" width=\"24\" height=\"24\" viewBox=\"0 0 24 24\" fill=\"none\"><path fill-rule=\"evenodd\" clip-rule=\"evenodd\" d=\"M6.29289 6.29289C6.68342 5.90237 7.31658 5.90237 7.70711 6.29289L11.9999 10.5857L16.2928 6.29289C16.6833 5.90237 17.3165 5.90237 17.707 6.29289C18.0975 6.68342 18.0975 7.31658 17.707 7.70711L13.4141 11.9999L17.707 16.2928C18.0975 16.6833 18.0975 17.3165 17.707 17.707C17.3165 18.0975 16.6833 18.0975 16.2928 17.707L11.9999 13.4141L7.70711 17.707C7.31658 18.0975 6.68342 18.0975 6.29289 17.707C5.90237 17.3165 5.90237 16.6833 6.29289 16.2928L10.5857 11.9999L6.29289 7.70711C5.90237 7.31658 5.90237 6.68342 6.29289 6.29289Z\" fill=\"white\"\/><\/svg><\/button><div v-if=\"activeMember != null\" class=\"modal-body\" ref=\"leadershipModalBody\"><div class=\"row justify-center align-bottom\"><div class=\"col-sm-7 col-md-6\"><div class=\"modal-leadership__image\"><picture><source media=\"(min-width: 400px)\" :srcset=\"peopleInfo[activeMember].image\" type=\"image\/webp\"><source :srcset=\"peopleInfo[activeMember].image_sm\" type=\"image\/webp\"><img :src=\"peopleInfo[activeMember].image\" loading=\"lazy\" :alt=\"peopleInfo[activeMember].title\"><\/picture><\/div><\/div><div class=\"col-sm-5 col-md-6\"><h2 class=\"title title--lg\">${ peopleInfo[activeMember].title }<\/h2><span class=\"title title--sm\">${ peopleInfo[activeMember].fields.role }<\/span><\/div><div class=\"col-12\"><div class=\"text\" v-html=\"peopleInfo[activeMember].fields.description\"><\/div><\/div><\/div><\/div><\/dialog><\/div><script>const block_0c65131c20f71641a134d6b9a78d8e9a = [];<\/script> <\/div>\n\n<div class=\"custom-block \" > <div class=\"text-block\"><div class=\"container container--fluid\"><div class=\"centered\"> <div class=\"headline\" data-pinnable><h2 class=\"title\">Direction r\u00e9gionale<\/h2>\n<\/div> <div class=\"text\" data-pinnable><p class=\"text text--lg\">Notre \u00e9quipe de direction, compos\u00e9e d\u2019experts chevronn\u00e9s ax\u00e9s sur l\u2019hospitalit\u00e9, d\u00e9finit les normes de l\u2019industrie partout dans le monde.<\/p>\n<\/div><\/div><\/div><\/div> <\/div>\n\n<div class=\"custom-block padding--top padding--bottom \" > <div class=\"leadership-grid\" id=\"block_d69073538eeb4899f05d96faeee2fa10\" data-locked><div class=\"container\"><div class=\"row justify-center\"><div class=\"col-md-11 col-lg-10\"><div class=\"wrap-grid\"><div class=\"row\"><template v-for=\"(member, idx) in peopleInfo\"><div class=\"col-md-6 col-lg-4\"><div class=\"card\" @click=\"openDetail(idx)\"><div class=\"card__image\"><picture><source media=\"(min-width: 400px)\" :srcset=\"member.image\" type=\"image\/webp\"><source :srcset=\"member.image_sm\" type=\"image\/webp\"><img :src=\"member.image\" loading=\"lazy\" :alt=\"member.title\"><\/picture><\/div><div class=\"card__content\"><div class=\"card__text\"><h3 class=\"title title--xs\">${ member.title }<\/h3><span class=\"text text--sm\">${ member.fields.role }<\/span><\/div><div class=\"btn\"><svg width=\"24\" height=\"24\" viewBox=\"0 0 24 24\" fill=\"none\" xmlns=\"http:\/\/www.w3.org\/2000\/svg\" aria-labelledby=\"svgTitle svgDesc\"><title id=\"svgTitle\">plus<\/title><desc id=\"svgDesc\">plus icon<\/desc><path fill-rule=\"evenodd\" clip-rule=\"evenodd\" d=\"M12 4C12.5474 4 12.9912 4.44378 12.9912 4.99121V11.0088H19.0088C19.5562 11.0088 20 11.4526 20 12C20 12.5474 19.5562 12.9912 19.0088 12.9912L12.9912 12.9912V19.0088C12.9912 19.5562 12.5474 20 12 20C11.4526 20 11.0088 19.5562 11.0088 19.0088V12.9912L4.99121 12.9912C4.44378 12.9912 4 12.5474 4 12C4 11.4526 4.44378 11.0088 4.99121 11.0088H11.0088V4.99121C11.0088 4.44378 11.4526 4 12 4Z\" fill=\"#1F1646\"><\/path><\/svg><\/div><\/div><\/div><\/div><\/template><\/div><\/div><\/div><\/div><\/div><dialog class=\"modal modal--leadership\" ref=\"leadershipModal\"><button class=\"modal-close\" @click=\"closeDetail\"><svg xmlns=\"http:\/\/www.w3.org\/2000\/svg\" width=\"24\" height=\"24\" viewBox=\"0 0 24 24\" fill=\"none\"><path fill-rule=\"evenodd\" clip-rule=\"evenodd\" d=\"M6.29289 6.29289C6.68342 5.90237 7.31658 5.90237 7.70711 6.29289L11.9999 10.5857L16.2928 6.29289C16.6833 5.90237 17.3165 5.90237 17.707 6.29289C18.0975 6.68342 18.0975 7.31658 17.707 7.70711L13.4141 11.9999L17.707 16.2928C18.0975 16.6833 18.0975 17.3165 17.707 17.707C17.3165 18.0975 16.6833 18.0975 16.2928 17.707L11.9999 13.4141L7.70711 17.707C7.31658 18.0975 6.68342 18.0975 6.29289 17.707C5.90237 17.3165 5.90237 16.6833 6.29289 16.2928L10.5857 11.9999L6.29289 7.70711C5.90237 7.31658 5.90237 6.68342 6.29289 6.29289Z\" fill=\"white\"\/><\/svg><\/button><div v-if=\"activeMember != null\" class=\"modal-body\" ref=\"leadershipModalBody\"><div class=\"row justify-center align-bottom\"><div class=\"col-sm-7 col-md-6\"><div class=\"modal-leadership__image\"><picture><source media=\"(min-width: 400px)\" :srcset=\"peopleInfo[activeMember].image\" type=\"image\/webp\"><source :srcset=\"peopleInfo[activeMember].image_sm\" type=\"image\/webp\"><img :src=\"peopleInfo[activeMember].image\" loading=\"lazy\" :alt=\"peopleInfo[activeMember].title\"><\/picture><\/div><\/div><div class=\"col-sm-5 col-md-6\"><h2 class=\"title title--lg\">${ peopleInfo[activeMember].title }<\/h2><span class=\"title title--sm\">${ peopleInfo[activeMember].fields.role }<\/span><\/div><div class=\"col-12\"><div class=\"text\" v-html=\"peopleInfo[activeMember].fields.description\"><\/div><\/div><\/div><\/div><\/dialog><\/div><script>const block_d69073538eeb4899f05d96faeee2fa10 = [];<\/script> <\/div>\n\n\n<p><\/p>\n","protected":false},"excerpt":{"rendered":"","protected":false},"author":3,"featured_media":6749,"parent":8084,"menu_order":0,"comment_status":"closed","ping_status":"closed","template":"","meta":{"_acf_changed":false,"inline_featured_image":false,"footnotes":""},"class_list":["post-7994","page","type-page","status-publish","has-post-thumbnail","hentry"],"acf":[],"yoast_head":"<!-- This site is optimized with the Yoast SEO Premium plugin v26.7 (Yoast SEO v26.7) - https:\/\/yoast.com\/wordpress\/plugins\/seo\/ -->\n<title>Direction | Encore\u00ae<\/title>\n<meta name=\"description\" content=\"Vous constaterez que notre \u00e9quipe mondiale de leaders poss\u00e8de un sens inn\u00e9 de la curiosit\u00e9, de l\u2019imagination et de la d\u00e9termination pour transformer votre vision en une r\u00e9alit\u00e9 remarquable. De la planification \u00e0 l\u2019ex\u00e9cution, nous retroussons nos manches pour co-cr\u00e9er des exp\u00e9riences incroyables.\" \/>\n<meta name=\"robots\" content=\"index, follow, max-snippet:-1, max-image-preview:large, max-video-preview:-1\" \/>\n<link rel=\"canonical\" href=\"https:\/\/www.encore-emea.com\/fr\/a-propos\/direction\/\" \/>\n<meta property=\"og:locale\" content=\"fr_FR\" \/>\n<meta property=\"og:type\" content=\"article\" \/>\n<meta property=\"og:title\" content=\"Direction\" \/>\n<meta property=\"og:description\" content=\"Vous constaterez que notre \u00e9quipe mondiale de leaders poss\u00e8de un sens inn\u00e9 de la curiosit\u00e9, de l\u2019imagination et de la d\u00e9termination pour transformer votre vision en une r\u00e9alit\u00e9 remarquable. De la planification \u00e0 l\u2019ex\u00e9cution, nous retroussons nos manches pour co-cr\u00e9er des exp\u00e9riences incroyables.\" \/>\n<meta property=\"og:url\" content=\"https:\/\/www.encore-emea.com\/fr\/a-propos\/direction\/\" \/>\n<meta property=\"og:site_name\" content=\"Encore\u00ae\" \/>\n<meta property=\"article:publisher\" content=\"https:\/\/www.facebook.com\/encoreglobal1\/\" \/>\n<meta property=\"article:modified_time\" content=\"2025-09-29T01:21:36+00:00\" \/>\n<meta property=\"og:image\" content=\"https:\/\/www.encore-emea.com\/wp-content\/uploads\/2025\/04\/OLG08246_edited-scaled.jpg\" \/>\n\t<meta property=\"og:image:width\" content=\"2560\" \/>\n\t<meta property=\"og:image:height\" content=\"1706\" \/>\n\t<meta property=\"og:image:type\" content=\"image\/jpeg\" \/>\n<meta name=\"twitter:card\" content=\"summary_large_image\" \/>\n<meta name=\"twitter:site\" content=\"@EncoreGlobal_\" \/>\n<meta name=\"twitter:label1\" content=\"Est. reading time\" \/>\n\t<meta name=\"twitter:data1\" content=\"1 minute\" \/>\n<script type=\"application\/ld+json\" class=\"yoast-schema-graph\">{\"@context\":\"https:\/\/schema.org\",\"@graph\":[{\"@type\":\"WebPage\",\"@id\":\"https:\/\/www.encore-emea.com\/fr\/a-propos\/direction\/\",\"url\":\"https:\/\/www.encore-emea.com\/fr\/a-propos\/direction\/\",\"name\":\"Direction | Encore\u00ae\",\"isPartOf\":{\"@id\":\"https:\/\/www.encore-emea.com\/fr\/#website\"},\"primaryImageOfPage\":{\"@id\":\"https:\/\/www.encore-emea.com\/fr\/a-propos\/direction\/#primaryimage\"},\"image\":{\"@id\":\"https:\/\/www.encore-emea.com\/fr\/a-propos\/direction\/#primaryimage\"},\"thumbnailUrl\":\"https:\/\/www.encore-emea.com\/wp-content\/uploads\/2025\/04\/OLG08246_edited-scaled.jpg\",\"datePublished\":\"2025-02-14T19:49:29+00:00\",\"dateModified\":\"2025-09-29T01:21:36+00:00\",\"description\":\"Vous constaterez que notre \u00e9quipe mondiale de leaders poss\u00e8de un sens inn\u00e9 de la curiosit\u00e9, de l\u2019imagination et de la d\u00e9termination pour transformer votre vision en une r\u00e9alit\u00e9 remarquable. De la planification \u00e0 l\u2019ex\u00e9cution, nous retroussons nos manches pour co-cr\u00e9er des exp\u00e9riences incroyables.\",\"breadcrumb\":{\"@id\":\"https:\/\/www.encore-emea.com\/fr\/a-propos\/direction\/#breadcrumb\"},\"inLanguage\":\"fr-FR\",\"potentialAction\":[{\"@type\":\"ReadAction\",\"target\":[\"https:\/\/www.encore-emea.com\/fr\/a-propos\/direction\/\"]}]},{\"@type\":\"ImageObject\",\"inLanguage\":\"fr-FR\",\"@id\":\"https:\/\/www.encore-emea.com\/fr\/a-propos\/direction\/#primaryimage\",\"url\":\"https:\/\/www.encore-emea.com\/wp-content\/uploads\/2025\/04\/OLG08246_edited-scaled.jpg\",\"contentUrl\":\"https:\/\/www.encore-emea.com\/wp-content\/uploads\/2025\/04\/OLG08246_edited-scaled.jpg\",\"width\":2560,\"height\":1706,\"caption\":\"A large group of people in formal attire pose together on a stage, smiling and waving with hands raised. Behind them is a colorful, illuminated backdrop with the word encore and a geometric light display.\"},{\"@type\":\"BreadcrumbList\",\"@id\":\"https:\/\/www.encore-emea.com\/fr\/a-propos\/direction\/#breadcrumb\",\"itemListElement\":[{\"@type\":\"ListItem\",\"position\":1,\"name\":\"Home\",\"item\":\"https:\/\/www.encore-emea.com\/fr\/\"},{\"@type\":\"ListItem\",\"position\":2,\"name\":\"\u00c0 propos\",\"item\":\"https:\/\/www.encore-emea.com\/fr\/a-propos\/\"},{\"@type\":\"ListItem\",\"position\":3,\"name\":\"Direction\"}]},{\"@type\":\"WebSite\",\"@id\":\"https:\/\/www.encore-emea.com\/fr\/#website\",\"url\":\"https:\/\/www.encore-emea.com\/fr\/\",\"name\":\"Encore\u00ae\",\"description\":\"Events That Transform\",\"publisher\":{\"@id\":\"https:\/\/www.encore-emea.com\/fr\/#organization\"},\"potentialAction\":[{\"@type\":\"SearchAction\",\"target\":{\"@type\":\"EntryPoint\",\"urlTemplate\":\"https:\/\/www.encore-emea.com\/fr\/?s={search_term_string}\"},\"query-input\":{\"@type\":\"PropertyValueSpecification\",\"valueRequired\":true,\"valueName\":\"search_term_string\"}}],\"inLanguage\":\"fr-FR\"},{\"@type\":\"Organization\",\"@id\":\"https:\/\/www.encore-emea.com\/fr\/#organization\",\"name\":\"Encore\u00ae\",\"url\":\"https:\/\/www.encore-emea.com\/fr\/\",\"logo\":{\"@type\":\"ImageObject\",\"inLanguage\":\"fr-FR\",\"@id\":\"https:\/\/www.encore-emea.com\/fr\/#\/schema\/logo\/image\/\",\"url\":\"https:\/\/www.encore-emea.com\/wp-content\/uploads\/2025\/04\/encore-logo-e1743947984637.png\",\"contentUrl\":\"https:\/\/www.encore-emea.com\/wp-content\/uploads\/2025\/04\/encore-logo-e1743947984637.png\",\"width\":1202,\"height\":330,\"caption\":\"Encore\u00ae\"},\"image\":{\"@id\":\"https:\/\/www.encore-emea.com\/fr\/#\/schema\/logo\/image\/\"},\"sameAs\":[\"https:\/\/www.facebook.com\/encoreglobal1\/\",\"https:\/\/x.com\/EncoreGlobal_\",\"https:\/\/www.instagram.com\/encore_global\/\",\"https:\/\/www.linkedin.com\/company\/encoreglobal\"]}]}<\/script>\n<!-- \/ Yoast SEO Premium plugin. -->","yoast_head_json":{"title":"Direction | Encore\u00ae","description":"Vous constaterez que notre \u00e9quipe mondiale de leaders poss\u00e8de un sens inn\u00e9 de la curiosit\u00e9, de l\u2019imagination et de la d\u00e9termination pour transformer votre vision en une r\u00e9alit\u00e9 remarquable. De la planification \u00e0 l\u2019ex\u00e9cution, nous retroussons nos manches pour co-cr\u00e9er des exp\u00e9riences incroyables.","robots":{"index":"index","follow":"follow","max-snippet":"max-snippet:-1","max-image-preview":"max-image-preview:large","max-video-preview":"max-video-preview:-1"},"canonical":"https:\/\/www.encore-emea.com\/fr\/a-propos\/direction\/","og_locale":"fr_FR","og_type":"article","og_title":"Direction","og_description":"Vous constaterez que notre \u00e9quipe mondiale de leaders poss\u00e8de un sens inn\u00e9 de la curiosit\u00e9, de l\u2019imagination et de la d\u00e9termination pour transformer votre vision en une r\u00e9alit\u00e9 remarquable. De la planification \u00e0 l\u2019ex\u00e9cution, nous retroussons nos manches pour co-cr\u00e9er des exp\u00e9riences incroyables.","og_url":"https:\/\/www.encore-emea.com\/fr\/a-propos\/direction\/","og_site_name":"Encore\u00ae","article_publisher":"https:\/\/www.facebook.com\/encoreglobal1\/","article_modified_time":"2025-09-29T01:21:36+00:00","og_image":[{"width":2560,"height":1706,"url":"https:\/\/www.encore-emea.com\/wp-content\/uploads\/2025\/04\/OLG08246_edited-scaled.jpg","type":"image\/jpeg"}],"twitter_card":"summary_large_image","twitter_site":"@EncoreGlobal_","twitter_misc":{"Est. reading time":"1 minute"},"schema":{"@context":"https:\/\/schema.org","@graph":[{"@type":"WebPage","@id":"https:\/\/www.encore-emea.com\/fr\/a-propos\/direction\/","url":"https:\/\/www.encore-emea.com\/fr\/a-propos\/direction\/","name":"Direction | Encore\u00ae","isPartOf":{"@id":"https:\/\/www.encore-emea.com\/fr\/#website"},"primaryImageOfPage":{"@id":"https:\/\/www.encore-emea.com\/fr\/a-propos\/direction\/#primaryimage"},"image":{"@id":"https:\/\/www.encore-emea.com\/fr\/a-propos\/direction\/#primaryimage"},"thumbnailUrl":"https:\/\/www.encore-emea.com\/wp-content\/uploads\/2025\/04\/OLG08246_edited-scaled.jpg","datePublished":"2025-02-14T19:49:29+00:00","dateModified":"2025-09-29T01:21:36+00:00","description":"Vous constaterez que notre \u00e9quipe mondiale de leaders poss\u00e8de un sens inn\u00e9 de la curiosit\u00e9, de l\u2019imagination et de la d\u00e9termination pour transformer votre vision en une r\u00e9alit\u00e9 remarquable. De la planification \u00e0 l\u2019ex\u00e9cution, nous retroussons nos manches pour co-cr\u00e9er des exp\u00e9riences incroyables.","breadcrumb":{"@id":"https:\/\/www.encore-emea.com\/fr\/a-propos\/direction\/#breadcrumb"},"inLanguage":"fr-FR","potentialAction":[{"@type":"ReadAction","target":["https:\/\/www.encore-emea.com\/fr\/a-propos\/direction\/"]}]},{"@type":"ImageObject","inLanguage":"fr-FR","@id":"https:\/\/www.encore-emea.com\/fr\/a-propos\/direction\/#primaryimage","url":"https:\/\/www.encore-emea.com\/wp-content\/uploads\/2025\/04\/OLG08246_edited-scaled.jpg","contentUrl":"https:\/\/www.encore-emea.com\/wp-content\/uploads\/2025\/04\/OLG08246_edited-scaled.jpg","width":2560,"height":1706,"caption":"A large group of people in formal attire pose together on a stage, smiling and waving with hands raised. Behind them is a colorful, illuminated backdrop with the word encore and a geometric light display."},{"@type":"BreadcrumbList","@id":"https:\/\/www.encore-emea.com\/fr\/a-propos\/direction\/#breadcrumb","itemListElement":[{"@type":"ListItem","position":1,"name":"Home","item":"https:\/\/www.encore-emea.com\/fr\/"},{"@type":"ListItem","position":2,"name":"\u00c0 propos","item":"https:\/\/www.encore-emea.com\/fr\/a-propos\/"},{"@type":"ListItem","position":3,"name":"Direction"}]},{"@type":"WebSite","@id":"https:\/\/www.encore-emea.com\/fr\/#website","url":"https:\/\/www.encore-emea.com\/fr\/","name":"Encore\u00ae","description":"Events That Transform","publisher":{"@id":"https:\/\/www.encore-emea.com\/fr\/#organization"},"potentialAction":[{"@type":"SearchAction","target":{"@type":"EntryPoint","urlTemplate":"https:\/\/www.encore-emea.com\/fr\/?s={search_term_string}"},"query-input":{"@type":"PropertyValueSpecification","valueRequired":true,"valueName":"search_term_string"}}],"inLanguage":"fr-FR"},{"@type":"Organization","@id":"https:\/\/www.encore-emea.com\/fr\/#organization","name":"Encore\u00ae","url":"https:\/\/www.encore-emea.com\/fr\/","logo":{"@type":"ImageObject","inLanguage":"fr-FR","@id":"https:\/\/www.encore-emea.com\/fr\/#\/schema\/logo\/image\/","url":"https:\/\/www.encore-emea.com\/wp-content\/uploads\/2025\/04\/encore-logo-e1743947984637.png","contentUrl":"https:\/\/www.encore-emea.com\/wp-content\/uploads\/2025\/04\/encore-logo-e1743947984637.png","width":1202,"height":330,"caption":"Encore\u00ae"},"image":{"@id":"https:\/\/www.encore-emea.com\/fr\/#\/schema\/logo\/image\/"},"sameAs":["https:\/\/www.facebook.com\/encoreglobal1\/","https:\/\/x.com\/EncoreGlobal_","https:\/\/www.instagram.com\/encore_global\/","https:\/\/www.linkedin.com\/company\/encoreglobal"]}]}},"_links":{"self":[{"href":"https:\/\/www.encore-emea.com\/fr\/wp-json\/wp\/v2\/pages\/7994","targetHints":{"allow":["GET"]}}],"collection":[{"href":"https:\/\/www.encore-emea.com\/fr\/wp-json\/wp\/v2\/pages"}],"about":[{"href":"https:\/\/www.encore-emea.com\/fr\/wp-json\/wp\/v2\/types\/page"}],"author":[{"embeddable":true,"href":"https:\/\/www.encore-emea.com\/fr\/wp-json\/wp\/v2\/users\/3"}],"replies":[{"embeddable":true,"href":"https:\/\/www.encore-emea.com\/fr\/wp-json\/wp\/v2\/comments?post=7994"}],"version-history":[{"count":0,"href":"https:\/\/www.encore-emea.com\/fr\/wp-json\/wp\/v2\/pages\/7994\/revisions"}],"up":[{"embeddable":true,"href":"https:\/\/www.encore-emea.com\/fr\/wp-json\/wp\/v2\/pages\/8084"}],"wp:featuredmedia":[{"embeddable":true,"href":"https:\/\/www.encore-emea.com\/fr\/wp-json\/wp\/v2\/media\/6749"}],"wp:attachment":[{"href":"https:\/\/www.encore-emea.com\/fr\/wp-json\/wp\/v2\/media?parent=7994"}],"curies":[{"name":"wp","href":"https:\/\/api.w.org\/{rel}","templated":true}]}}