{"id":8012,"date":"2025-03-05T05:25:36","date_gmt":"2025-03-05T05:25:36","guid":{"rendered":"https:\/\/encorecanada.wpenginepowered.com\/ressources-pour-la-planification-devenements\/pourquoi-travailler-avec-nous\/"},"modified":"2025-08-14T18:23:50","modified_gmt":"2025-08-14T18:23:50","slug":"pourquoi-travailler-avec-nous","status":"publish","type":"page","link":"https:\/\/www.encore-emea.com\/fr\/ressources-pour-la-planification-devenements\/pourquoi-travailler-avec-nous\/","title":{"rendered":"Pourquoi travailler avec nous"},"content":{"rendered":"<div class=\"custom-block padding--bottom \" > <div class=\"breadcrumb-container\"><div class=\"container\"><nav class=\"breadcrumb\"><div class=\"breadcrumb__home\"><a href=\"https:\/\/www.encore-emea.com\/fr\/\"><span class=\"breadcrumb__home__icon\"><svg xmlns=\"http:\/\/www.w3.org\/2000\/svg\" width=\"24\" height=\"24\" viewBox=\"0 0 24 24\" fill=\"none\"><path fill-rule=\"evenodd\" clip-rule=\"evenodd\" d=\"M12.1919 7.02537C12.0673 6.99154 11.9325 6.99154 11.8079 7.02537C11.7896 7.03034 11.7359 7.04697 11.5943 7.14418C11.4414 7.24911 11.2514 7.40082 10.9417 7.64961L7.1004 10.7346C6.73765 11.026 6.70113 11.0657 6.68057 11.0936C6.64692 11.139 6.62568 11.1841 6.61376 11.226L6.61333 11.2279C6.61333 11.2279 6.61235 11.2327 6.6115 11.2386C6.60971 11.2509 6.60718 11.2733 6.60506 11.3128C6.60033 11.4008 6.6 11.517 6.6 11.7234V17H9.4V15.0628C9.4 13.6205 10.6465 12.5943 12 12.5943C13.3535 12.5943 14.6 13.6205 14.6 15.0628V17H17.4V11.7234C17.4 11.5175 17.3996 11.4012 17.3948 11.3135C17.3927 11.2742 17.3901 11.2517 17.3883 11.2393C17.3874 11.2333 17.3864 11.2283 17.3864 11.2283L17.3859 11.226C17.3734 11.1821 17.352 11.1373 17.3197 11.0936C17.2991 11.0658 17.2626 11.0261 16.8998 10.7346L13.0598 7.65062C12.7496 7.40152 12.5593 7.24956 12.4062 7.14448C12.2643 7.0471 12.2104 7.03038 12.1919 7.02537ZM19.4 17V11.7234C19.4 11.699 19.4 11.6744 19.4001 11.6498C19.4007 11.3339 19.4013 11.0009 19.3094 10.6784C19.2298 10.3987 19.0999 10.1372 18.9277 9.9043C18.7319 9.63963 18.4719 9.43143 18.2108 9.22229C18.1912 9.20663 18.1717 9.19097 18.1521 9.17528L14.2876 6.07159C14.0103 5.84887 13.7608 5.64843 13.5378 5.49541C13.297 5.33019 13.0335 5.18143 12.7159 5.09521C12.2482 4.96826 11.7517 4.96826 11.284 5.09521C10.9665 5.1814 10.7031 5.33011 10.4626 5.49518C10.2401 5.64788 9.99113 5.84782 9.71468 6.06987L5.84804 9.17528C5.8286 9.19089 5.80915 9.20647 5.78971 9.22204C5.52834 9.43135 5.26837 9.63955 5.07256 9.9043C4.90155 10.1355 4.7704 10.3967 4.69019 10.6784C4.59861 11.0001 4.59927 11.3329 4.5999 11.6467C4.59995 11.6724 4.6 11.698 4.6 11.7234V17H4C3.44772 17 3 17.4477 3 18C3 18.5523 3.44772 19 4 19H20C20.5523 19 21 18.5523 21 18C21 17.4477 20.5523 17 20 17H19.4ZM12.6 17V15.0628C12.6 14.883 12.4138 14.5943 12 14.5943C11.5862 14.5943 11.4 14.883 11.4 15.0628V17H12.6Z\" fill=\"#1F1646\"\/><\/svg> <\/span><span class=\"breadcrumb__home__name\">Accueil <\/span><\/a><span class=\"delimiter\">\/<\/span><\/div><div class=\"breadcrumb__parents\"> <button class=\"text breadcrumb__parents__menu\">&#8230; &nbsp;\/<\/button><\/div><div class=\"breadcrumb__dropdown shadow\"><\/div><div class=\"breadcrumb__current\"><span>Pourquoi travailler avec nous<\/span><\/div><\/nav><\/div><\/div> <\/div><div class=\"custom-block padding--top padding--bottom \" > <div class=\"wrap-hero wrap-hero--single \" ><div class=\"container\"><div class=\"row flex-justify-center\"><div class=\"rhombus-decoration\"><svg width=\"133\" height=\"91\" viewBox=\"0 0 133 91\" fill=\"none\" xmlns=\"http:\/\/www.w3.org\/2000\/svg\"><path d=\"M123.13 71.2539L114 62.2505L123.13 53.2471L132.26 62.2505L123.13 71.2539Z\" fill=\"var(--color2)\"\/><path d=\"M85.0438 90.8084L62 68.0835L85.0438 45.3586L108.088 68.0835L85.0438 90.8084Z\" fill=\"var(--color1)\"\/><path d=\"M94.0862 35.671L80 21.7798L94.0861 7.88859L108.172 21.7798L94.0862 35.671Z\" fill=\" var(--color1)\"\/><path d=\"M36.224 71.4453L0 35.7227L36.224 -4.88276e-06L72.4479 35.7227L36.224 71.4453Z\" fill=\"var(--color3)\"\/><\/svg><\/div> <div class=\" col-lg-10\"><div class=\"hero__content\"> <h1 class=\"title title--xl headline\" data-pinnable><span class=\"font--purple\">Mettez en mouvement<\/span> votre prochain grand \u00e9v\u00e9nement\n<\/span><\/h1>  <div class=\"text text--lg\" data-pinnable><p>Les \u00e9v\u00e9nements ont le pouvoir de transporter les participants et de redynamiser votre marque. Pourtant, les grandes visions restent souvent bloqu\u00e9es dans les phases de planification et de production. Nous sommes l\u00e0 pour vous aider \u00e0 laisser libre cours \u00e0 votre imagination, en vous apportant l&rsquo;\u00e9quipe, la technologie et l&rsquo;expertise de confiance n\u00e9cessaires pour faire passer vos id\u00e9es du concept \u00e0 la r\u00e9alit\u00e9. Chez Encore, nos \u00e9quipes sont passionn\u00e9es par la cr\u00e9ation d&rsquo;exp\u00e9riences exceptionnelles &#8212; pour aider \u00e0 construire non seulement votre marque, mais aussi l&rsquo;avenir de notre industrie.<\/p>\n<\/div>    <a href=\"https:\/\/www.encore-emea.com\/fr\/contactez-nous\/\" target=\"\" class=\"btn btn-primary\"><span class=\"btn__text\">Communiquez avec nous<\/span>  <svg class=\"js-downloadSVG\" width=\"24\" height=\"24\" viewBox=\"0 0 24 24\" fill=\"none\" xmlns=\"http:\/\/www.w3.org\/2000\/svg\" aria-labelledby=\"svgTitle svgDesc\"> <title id=\"svgTitle\">arrow right<\/title> <desc id=\"svgDesc\">arrow right icon<\/desc> <path fill-rule=\"evenodd\" clip-rule=\"evenodd\" d=\"M12.2859 7.29993C12.6726 6.90556 13.3057 6.89929 13.7001 7.28593L17.7001 11.2075C17.8919 11.3956 18 11.6529 18 11.9216C18 12.1902 17.8919 12.4476 17.7001 12.6356L13.7001 16.5572C13.3057 16.9438 12.6726 16.9376 12.2859 16.5432C11.8993 16.1488 11.9056 15.5157 12.2999 15.1291L14.5516 12.9216H7C6.44772 12.9216 6 12.4739 6 11.9216C6 11.3693 6.44772 10.9216 7 10.9216H14.5516L12.2999 8.71407C11.9056 8.32743 11.8993 7.6943 12.2859 7.29993Z\" fill=\"#1F1646\"\/><\/svg>  <\/a> <\/div><\/div><\/div><\/div><\/div><\/div> <\/div><div class=\"custom-block padding--bottom \" > <div class=\"masonry-slider\" > <div class=\"container container--fluid\"><div class=\"swiper\" data-tabs=\"0\"><div class=\"swiper-wrapper\"> <div class=\"swiper-slide\"><div class=\"masonry-type masonry--3 layout-reversed\"><div class=\"row\"><div class=\"col-md-6\"><div class=\"masonry-parent-flx\"><div class=\"masonry-parent\"><div class=\"masonry-square square1\" data-pinnable>  <picture><source media=\"(min-width: 1200px)\" srcset=\"https:\/\/www.encore-emea.com\/wp-content\/uploads\/2025\/03\/why-work-with-us-slider1-slide1-1.webp\" type=\"image\/webp\"><source media=\"(min-width: 992px)\" srcset=\"https:\/\/www.encore-emea.com\/wp-content\/uploads\/2025\/03\/why-work-with-us-slider1-slide1-1.webp\" type=\"image\/webp\"><source media=\"(min-width: 768px)\" srcset=\"https:\/\/www.encore-emea.com\/wp-content\/uploads\/2025\/03\/why-work-with-us-slider1-slide1-1.webp\" type=\"image\/webp\"><source srcset=\"https:\/\/www.encore-emea.com\/wp-content\/uploads\/2025\/03\/why-work-with-us-slider1-slide1-1.webp\" type=\"image\/webp\"><img decoding=\"async\" src=\"https:\/\/www.encore-emea.com\/wp-content\/uploads\/2025\/03\/why-work-with-us-slider1-slide1-1.jpg\" loading=\"lazy\" alt=\"why work with us slider image 1\"><\/picture>  <\/div><div class=\"masonry-square square2\" data-pinnable>  <picture><source media=\"(min-width: 1200px)\" srcset=\"https:\/\/www.encore-emea.com\/wp-content\/uploads\/2025\/03\/why-work-with-us-slider1-slide1-2.webp\" type=\"image\/webp\"><source media=\"(min-width: 992px)\" srcset=\"https:\/\/www.encore-emea.com\/wp-content\/uploads\/2025\/03\/why-work-with-us-slider1-slide1-2.webp\" type=\"image\/webp\"><source media=\"(min-width: 768px)\" srcset=\"https:\/\/www.encore-emea.com\/wp-content\/uploads\/2025\/03\/why-work-with-us-slider1-slide1-2.webp\" type=\"image\/webp\"><source srcset=\"https:\/\/www.encore-emea.com\/wp-content\/uploads\/2025\/03\/why-work-with-us-slider1-slide1-2.webp\" type=\"image\/webp\"><img decoding=\"async\" src=\"https:\/\/www.encore-emea.com\/wp-content\/uploads\/2025\/03\/why-work-with-us-slider1-slide1-2.jpg\" loading=\"lazy\" alt=\"why work with us slider image 2\"><\/picture>  <\/div><div class=\"masonry-square square3\" data-pinnable>  <picture><source media=\"(min-width: 1200px)\" srcset=\"https:\/\/www.encore-emea.com\/wp-content\/uploads\/2025\/03\/why-work-with-us-slider1-slide1-3.webp\" type=\"image\/webp\"><source media=\"(min-width: 992px)\" srcset=\"https:\/\/www.encore-emea.com\/wp-content\/uploads\/2025\/03\/why-work-with-us-slider1-slide1-3.webp\" type=\"image\/webp\"><source media=\"(min-width: 768px)\" srcset=\"https:\/\/www.encore-emea.com\/wp-content\/uploads\/2025\/03\/why-work-with-us-slider1-slide1-3.webp\" type=\"image\/webp\"><source srcset=\"https:\/\/www.encore-emea.com\/wp-content\/uploads\/2025\/03\/why-work-with-us-slider1-slide1-3.webp\" type=\"image\/webp\"><img decoding=\"async\" src=\"https:\/\/www.encore-emea.com\/wp-content\/uploads\/2025\/03\/why-work-with-us-slider1-slide1-3.jpg\" loading=\"lazy\" alt=\"why work with us slider image 3\"><\/picture>  <\/div><div class=\"masonry-square square4\"><div class=\"masonry-decoration\"><svg xmlns=\"http:\/\/www.w3.org\/2000\/svg\" width=\"65\" height=\"98\" viewBox=\"0 0 65 98\" fill=\"none\"><path d=\"M15.3832 16.9992L0 32.3893L15.3832 47.7794L30.7664 32.3893L15.3832 16.9992Z\" fill=\"var(--color2)\"\/><path d=\"M30.0149 -0.000999387L20.4004 9.6178L30.0149 19.2366L39.6294 9.6178L30.0149 -0.000999387Z\" fill=\"var(--color3)\"\/><path d=\"M35.9724 40.7215L7.34766 69.359L35.9724 97.9965L64.5971 69.359L35.9724 40.7215Z\" fill=\"var(--color1)\"\/><\/svg><\/div><\/div> <\/div><\/div><\/div><div class=\"col-md-6\"><div class=\"masonry-content\"><div class=\"masonry-content-body\">  <div class=\"title title--md headline\" data-pinnable><h2 class=\"title title--md\">Collaborons pour cr\u00e9er un moment m\u00e9morable<\/h2>\n<\/div> <div class=\"text vertical_list_style\" data-pinnable><ul>\n<li><strong>Demeurez connect\u00e9 :<\/strong> travaillez avec des professionnels qui connaissent parfaitement les lieux et qui entretiennent des relations \u00e9troites avec l&rsquo;\u00e9quipe des op\u00e9rations de l&rsquo;h\u00f4tel.<\/li>\n<li><strong>\u00c9largissez votre acc\u00e8s <\/strong>: augmentez l&rsquo;impact de votre \u00e9v\u00e9nement gr\u00e2ce \u00e0 une technologie et \u00e0 des ressources in\u00e9gal\u00e9es.<\/li>\n<li><strong>Priorisez la s\u00e9curit\u00e9 <\/strong>: garantissez une s\u00e9curit\u00e9 et un service fiables gr\u00e2ce \u00e0 des \u00e9quipes qui ont suivi des programmes de formation avanc\u00e9s et obtenu des certifications compl\u00e8tes en mati\u00e8re de s\u00e9curit\u00e9.<\/li>\n<li><strong>R\u00e9duisez les co\u00fbts<\/strong>: regroupez les services de notre vaste portefeuille pour plus d&rsquo;efficacit\u00e9 et de rentabilit\u00e9<\/li>\n<li><strong>R\u00e9solution proactive des probl\u00e8mes <\/strong>: notre \u00e9quipe poss\u00e8de une connaissance approfondie des \u00e9v\u00e9nements et des sites \u00e9v\u00e9nementiels afin d&rsquo;anticiper et de r\u00e9soudre les difficult\u00e9s avant qu&rsquo;elles ne se transforment en probl\u00e8mes, garantissant ainsi le bon d\u00e9roulement de votre \u00e9v\u00e9nement.<\/li>\n<\/ul>\n<\/div>  <\/div><\/div><\/div><\/div><\/div><\/div><\/div><div class=\"masonry-controls\"><div class=\"masonry-swiper-pagination\"><\/div><div class=\"arrows\"><div class=\"masonry-button-prev\"><svg xmlns=\"http:\/\/www.w3.org\/2000\/svg\" width=\"24\" height=\"25\" viewBox=\"0 0 24 25\" fill=\"none\"><path fill-rule=\"evenodd\" clip-rule=\"evenodd\" d=\"M14.7071 6.91203C15.0976 7.30256 15.0976 7.93572 14.7071 8.32625L10.4142 12.6191L14.7071 16.912C15.0976 17.3026 15.0976 17.9357 14.7071 18.3262C14.3166 18.7168 13.6834 18.7168 13.2929 18.3262L8.29289 13.3262C7.90237 12.9357 7.90237 12.3026 8.29289 11.912L13.2929 6.91203C13.6834 6.52151 14.3166 6.52151 14.7071 6.91203Z\"\/><\/svg><\/div><div class=\"masonry-button-next\"><svg xmlns=\"http:\/\/www.w3.org\/2000\/svg\" width=\"24\" height=\"25\" viewBox=\"0 0 24 25\" fill=\"none\"><path fill-rule=\"evenodd\" clip-rule=\"evenodd\" d=\"M8.29289 6.91203C7.90237 7.30256 7.90237 7.93572 8.29289 8.32625L12.5858 12.6191L8.29289 16.912C7.90237 17.3026 7.90237 17.9357 8.29289 18.3262C8.68342 18.7168 9.31658 18.7168 9.70711 18.3262L14.7071 13.3262C15.0976 12.9357 15.0976 12.3026 14.7071 11.912L9.70711 6.91203C9.31658 6.52151 8.68342 6.52151 8.29289 6.91203Z\"\/><\/svg><\/div><\/div><\/div><\/div><\/div><div class=\"horizontal-tabs-mobile\"><\/div><\/div> <\/div>\n<p><\/p>\n","protected":false},"excerpt":{"rendered":"","protected":false},"author":3,"featured_media":5981,"parent":7998,"menu_order":0,"comment_status":"closed","ping_status":"closed","template":"","meta":{"_acf_changed":false,"inline_featured_image":false,"footnotes":""},"class_list":["post-8012","page","type-page","status-publish","has-post-thumbnail","hentry"],"acf":[],"yoast_head":"<!-- This site is optimized with the Yoast SEO Premium plugin v26.7 (Yoast SEO v26.7) - https:\/\/yoast.com\/wordpress\/plugins\/seo\/ -->\n<title>Pourquoi travailler avec nous | Encore\u00ae<\/title>\n<meta name=\"description\" content=\"Nous comprenons \u00e0 quel point il peut \u00eatre stressant de planifier et de produire un \u00e9v\u00e9nement. C\u2019est pourquoi nous sommes l\u00e0 pour vous aider \u00e0 chaque \u00e9tape. De la planification et de la strat\u00e9gie d\u2019\u00e9v\u00e9nement \u00e0 la production et \u00e0 la technologie \u00e9v\u00e9nementielle, laissez-nous vous lib\u00e9rer des complexit\u00e9s et des d\u00e9tails.\" \/>\n<meta name=\"robots\" content=\"index, follow, max-snippet:-1, max-image-preview:large, max-video-preview:-1\" \/>\n<link rel=\"canonical\" href=\"https:\/\/www.encore-emea.com\/fr\/ressources-pour-la-planification-devenements\/pourquoi-travailler-avec-nous\/\" \/>\n<meta property=\"og:locale\" content=\"fr_FR\" \/>\n<meta property=\"og:type\" content=\"article\" \/>\n<meta property=\"og:title\" content=\"Pourquoi travailler avec nous\" \/>\n<meta property=\"og:description\" content=\"Nous comprenons \u00e0 quel point il peut \u00eatre stressant de planifier et de produire un \u00e9v\u00e9nement. C\u2019est pourquoi nous sommes l\u00e0 pour vous aider \u00e0 chaque \u00e9tape. De la planification et de la strat\u00e9gie d\u2019\u00e9v\u00e9nement \u00e0 la production et \u00e0 la technologie \u00e9v\u00e9nementielle, laissez-nous vous lib\u00e9rer des complexit\u00e9s et des d\u00e9tails.\" \/>\n<meta property=\"og:url\" content=\"https:\/\/www.encore-emea.com\/fr\/ressources-pour-la-planification-devenements\/pourquoi-travailler-avec-nous\/\" \/>\n<meta property=\"og:site_name\" content=\"Encore\u00ae\" \/>\n<meta property=\"article:publisher\" content=\"https:\/\/www.facebook.com\/encoreglobal1\/\" \/>\n<meta property=\"article:modified_time\" content=\"2025-08-14T18:23:50+00:00\" \/>\n<meta property=\"og:image\" content=\"https:\/\/www.encore-emea.com\/wp-content\/uploads\/2025\/03\/why-work-with-us-featured.jpg\" \/>\n\t<meta property=\"og:image:width\" content=\"1200\" \/>\n\t<meta property=\"og:image:height\" content=\"800\" \/>\n\t<meta property=\"og:image:type\" content=\"image\/jpeg\" \/>\n<meta name=\"twitter:card\" content=\"summary_large_image\" \/>\n<meta name=\"twitter:site\" content=\"@EncoreGlobal_\" \/>\n<script type=\"application\/ld+json\" class=\"yoast-schema-graph\">{\"@context\":\"https:\/\/schema.org\",\"@graph\":[{\"@type\":\"WebPage\",\"@id\":\"https:\/\/www.encore-emea.com\/fr\/ressources-pour-la-planification-devenements\/pourquoi-travailler-avec-nous\/\",\"url\":\"https:\/\/www.encore-emea.com\/fr\/ressources-pour-la-planification-devenements\/pourquoi-travailler-avec-nous\/\",\"name\":\"Pourquoi travailler avec nous | Encore\u00ae\",\"isPartOf\":{\"@id\":\"https:\/\/www.encore-emea.com\/fr\/#website\"},\"primaryImageOfPage\":{\"@id\":\"https:\/\/www.encore-emea.com\/fr\/ressources-pour-la-planification-devenements\/pourquoi-travailler-avec-nous\/#primaryimage\"},\"image\":{\"@id\":\"https:\/\/www.encore-emea.com\/fr\/ressources-pour-la-planification-devenements\/pourquoi-travailler-avec-nous\/#primaryimage\"},\"thumbnailUrl\":\"https:\/\/www.encore-emea.com\/wp-content\/uploads\/2025\/03\/why-work-with-us-featured.jpg\",\"datePublished\":\"2025-03-05T05:25:36+00:00\",\"dateModified\":\"2025-08-14T18:23:50+00:00\",\"description\":\"Nous comprenons \u00e0 quel point il peut \u00eatre stressant de planifier et de produire un \u00e9v\u00e9nement. C\u2019est pourquoi nous sommes l\u00e0 pour vous aider \u00e0 chaque \u00e9tape. De la planification et de la strat\u00e9gie d\u2019\u00e9v\u00e9nement \u00e0 la production et \u00e0 la technologie \u00e9v\u00e9nementielle, laissez-nous vous lib\u00e9rer des complexit\u00e9s et des d\u00e9tails.\",\"breadcrumb\":{\"@id\":\"https:\/\/www.encore-emea.com\/fr\/ressources-pour-la-planification-devenements\/pourquoi-travailler-avec-nous\/#breadcrumb\"},\"inLanguage\":\"fr-FR\",\"potentialAction\":[{\"@type\":\"ReadAction\",\"target\":[\"https:\/\/www.encore-emea.com\/fr\/ressources-pour-la-planification-devenements\/pourquoi-travailler-avec-nous\/\"]}]},{\"@type\":\"ImageObject\",\"inLanguage\":\"fr-FR\",\"@id\":\"https:\/\/www.encore-emea.com\/fr\/ressources-pour-la-planification-devenements\/pourquoi-travailler-avec-nous\/#primaryimage\",\"url\":\"https:\/\/www.encore-emea.com\/wp-content\/uploads\/2025\/03\/why-work-with-us-featured.jpg\",\"contentUrl\":\"https:\/\/www.encore-emea.com\/wp-content\/uploads\/2025\/03\/why-work-with-us-featured.jpg\",\"width\":1200,\"height\":800,\"caption\":\"Why Work with Us featured image\"},{\"@type\":\"BreadcrumbList\",\"@id\":\"https:\/\/www.encore-emea.com\/fr\/ressources-pour-la-planification-devenements\/pourquoi-travailler-avec-nous\/#breadcrumb\",\"itemListElement\":[{\"@type\":\"ListItem\",\"position\":1,\"name\":\"Home\",\"item\":\"https:\/\/www.encore-emea.com\/fr\/\"},{\"@type\":\"ListItem\",\"position\":2,\"name\":\"Ressources planificateurs\",\"item\":\"https:\/\/www.encore-emea.com\/fr\/ressources-pour-la-planification-devenements\/\"},{\"@type\":\"ListItem\",\"position\":3,\"name\":\"Pourquoi travailler avec nous\"}]},{\"@type\":\"WebSite\",\"@id\":\"https:\/\/www.encore-emea.com\/fr\/#website\",\"url\":\"https:\/\/www.encore-emea.com\/fr\/\",\"name\":\"Encore\u00ae\",\"description\":\"Events That Transform\",\"publisher\":{\"@id\":\"https:\/\/www.encore-emea.com\/fr\/#organization\"},\"potentialAction\":[{\"@type\":\"SearchAction\",\"target\":{\"@type\":\"EntryPoint\",\"urlTemplate\":\"https:\/\/www.encore-emea.com\/fr\/?s={search_term_string}\"},\"query-input\":{\"@type\":\"PropertyValueSpecification\",\"valueRequired\":true,\"valueName\":\"search_term_string\"}}],\"inLanguage\":\"fr-FR\"},{\"@type\":\"Organization\",\"@id\":\"https:\/\/www.encore-emea.com\/fr\/#organization\",\"name\":\"Encore\u00ae\",\"url\":\"https:\/\/www.encore-emea.com\/fr\/\",\"logo\":{\"@type\":\"ImageObject\",\"inLanguage\":\"fr-FR\",\"@id\":\"https:\/\/www.encore-emea.com\/fr\/#\/schema\/logo\/image\/\",\"url\":\"https:\/\/www.encore-emea.com\/wp-content\/uploads\/2025\/04\/encore-logo-e1743947984637.png\",\"contentUrl\":\"https:\/\/www.encore-emea.com\/wp-content\/uploads\/2025\/04\/encore-logo-e1743947984637.png\",\"width\":1202,\"height\":330,\"caption\":\"Encore\u00ae\"},\"image\":{\"@id\":\"https:\/\/www.encore-emea.com\/fr\/#\/schema\/logo\/image\/\"},\"sameAs\":[\"https:\/\/www.facebook.com\/encoreglobal1\/\",\"https:\/\/x.com\/EncoreGlobal_\",\"https:\/\/www.instagram.com\/encore_global\/\",\"https:\/\/www.linkedin.com\/company\/encoreglobal\"]}]}<\/script>\n<!-- \/ Yoast SEO Premium plugin. -->","yoast_head_json":{"title":"Pourquoi travailler avec nous | Encore\u00ae","description":"Nous comprenons \u00e0 quel point il peut \u00eatre stressant de planifier et de produire un \u00e9v\u00e9nement. C\u2019est pourquoi nous sommes l\u00e0 pour vous aider \u00e0 chaque \u00e9tape. De la planification et de la strat\u00e9gie d\u2019\u00e9v\u00e9nement \u00e0 la production et \u00e0 la technologie \u00e9v\u00e9nementielle, laissez-nous vous lib\u00e9rer des complexit\u00e9s et des d\u00e9tails.","robots":{"index":"index","follow":"follow","max-snippet":"max-snippet:-1","max-image-preview":"max-image-preview:large","max-video-preview":"max-video-preview:-1"},"canonical":"https:\/\/www.encore-emea.com\/fr\/ressources-pour-la-planification-devenements\/pourquoi-travailler-avec-nous\/","og_locale":"fr_FR","og_type":"article","og_title":"Pourquoi travailler avec nous","og_description":"Nous comprenons \u00e0 quel point il peut \u00eatre stressant de planifier et de produire un \u00e9v\u00e9nement. C\u2019est pourquoi nous sommes l\u00e0 pour vous aider \u00e0 chaque \u00e9tape. De la planification et de la strat\u00e9gie d\u2019\u00e9v\u00e9nement \u00e0 la production et \u00e0 la technologie \u00e9v\u00e9nementielle, laissez-nous vous lib\u00e9rer des complexit\u00e9s et des d\u00e9tails.","og_url":"https:\/\/www.encore-emea.com\/fr\/ressources-pour-la-planification-devenements\/pourquoi-travailler-avec-nous\/","og_site_name":"Encore\u00ae","article_publisher":"https:\/\/www.facebook.com\/encoreglobal1\/","article_modified_time":"2025-08-14T18:23:50+00:00","og_image":[{"width":1200,"height":800,"url":"https:\/\/www.encore-emea.com\/wp-content\/uploads\/2025\/03\/why-work-with-us-featured.jpg","type":"image\/jpeg"}],"twitter_card":"summary_large_image","twitter_site":"@EncoreGlobal_","schema":{"@context":"https:\/\/schema.org","@graph":[{"@type":"WebPage","@id":"https:\/\/www.encore-emea.com\/fr\/ressources-pour-la-planification-devenements\/pourquoi-travailler-avec-nous\/","url":"https:\/\/www.encore-emea.com\/fr\/ressources-pour-la-planification-devenements\/pourquoi-travailler-avec-nous\/","name":"Pourquoi travailler avec nous | Encore\u00ae","isPartOf":{"@id":"https:\/\/www.encore-emea.com\/fr\/#website"},"primaryImageOfPage":{"@id":"https:\/\/www.encore-emea.com\/fr\/ressources-pour-la-planification-devenements\/pourquoi-travailler-avec-nous\/#primaryimage"},"image":{"@id":"https:\/\/www.encore-emea.com\/fr\/ressources-pour-la-planification-devenements\/pourquoi-travailler-avec-nous\/#primaryimage"},"thumbnailUrl":"https:\/\/www.encore-emea.com\/wp-content\/uploads\/2025\/03\/why-work-with-us-featured.jpg","datePublished":"2025-03-05T05:25:36+00:00","dateModified":"2025-08-14T18:23:50+00:00","description":"Nous comprenons \u00e0 quel point il peut \u00eatre stressant de planifier et de produire un \u00e9v\u00e9nement. C\u2019est pourquoi nous sommes l\u00e0 pour vous aider \u00e0 chaque \u00e9tape. De la planification et de la strat\u00e9gie d\u2019\u00e9v\u00e9nement \u00e0 la production et \u00e0 la technologie \u00e9v\u00e9nementielle, laissez-nous vous lib\u00e9rer des complexit\u00e9s et des d\u00e9tails.","breadcrumb":{"@id":"https:\/\/www.encore-emea.com\/fr\/ressources-pour-la-planification-devenements\/pourquoi-travailler-avec-nous\/#breadcrumb"},"inLanguage":"fr-FR","potentialAction":[{"@type":"ReadAction","target":["https:\/\/www.encore-emea.com\/fr\/ressources-pour-la-planification-devenements\/pourquoi-travailler-avec-nous\/"]}]},{"@type":"ImageObject","inLanguage":"fr-FR","@id":"https:\/\/www.encore-emea.com\/fr\/ressources-pour-la-planification-devenements\/pourquoi-travailler-avec-nous\/#primaryimage","url":"https:\/\/www.encore-emea.com\/wp-content\/uploads\/2025\/03\/why-work-with-us-featured.jpg","contentUrl":"https:\/\/www.encore-emea.com\/wp-content\/uploads\/2025\/03\/why-work-with-us-featured.jpg","width":1200,"height":800,"caption":"Why Work with Us featured image"},{"@type":"BreadcrumbList","@id":"https:\/\/www.encore-emea.com\/fr\/ressources-pour-la-planification-devenements\/pourquoi-travailler-avec-nous\/#breadcrumb","itemListElement":[{"@type":"ListItem","position":1,"name":"Home","item":"https:\/\/www.encore-emea.com\/fr\/"},{"@type":"ListItem","position":2,"name":"Ressources planificateurs","item":"https:\/\/www.encore-emea.com\/fr\/ressources-pour-la-planification-devenements\/"},{"@type":"ListItem","position":3,"name":"Pourquoi travailler avec nous"}]},{"@type":"WebSite","@id":"https:\/\/www.encore-emea.com\/fr\/#website","url":"https:\/\/www.encore-emea.com\/fr\/","name":"Encore\u00ae","description":"Events That Transform","publisher":{"@id":"https:\/\/www.encore-emea.com\/fr\/#organization"},"potentialAction":[{"@type":"SearchAction","target":{"@type":"EntryPoint","urlTemplate":"https:\/\/www.encore-emea.com\/fr\/?s={search_term_string}"},"query-input":{"@type":"PropertyValueSpecification","valueRequired":true,"valueName":"search_term_string"}}],"inLanguage":"fr-FR"},{"@type":"Organization","@id":"https:\/\/www.encore-emea.com\/fr\/#organization","name":"Encore\u00ae","url":"https:\/\/www.encore-emea.com\/fr\/","logo":{"@type":"ImageObject","inLanguage":"fr-FR","@id":"https:\/\/www.encore-emea.com\/fr\/#\/schema\/logo\/image\/","url":"https:\/\/www.encore-emea.com\/wp-content\/uploads\/2025\/04\/encore-logo-e1743947984637.png","contentUrl":"https:\/\/www.encore-emea.com\/wp-content\/uploads\/2025\/04\/encore-logo-e1743947984637.png","width":1202,"height":330,"caption":"Encore\u00ae"},"image":{"@id":"https:\/\/www.encore-emea.com\/fr\/#\/schema\/logo\/image\/"},"sameAs":["https:\/\/www.facebook.com\/encoreglobal1\/","https:\/\/x.com\/EncoreGlobal_","https:\/\/www.instagram.com\/encore_global\/","https:\/\/www.linkedin.com\/company\/encoreglobal"]}]}},"_links":{"self":[{"href":"https:\/\/www.encore-emea.com\/fr\/wp-json\/wp\/v2\/pages\/8012","targetHints":{"allow":["GET"]}}],"collection":[{"href":"https:\/\/www.encore-emea.com\/fr\/wp-json\/wp\/v2\/pages"}],"about":[{"href":"https:\/\/www.encore-emea.com\/fr\/wp-json\/wp\/v2\/types\/page"}],"author":[{"embeddable":true,"href":"https:\/\/www.encore-emea.com\/fr\/wp-json\/wp\/v2\/users\/3"}],"replies":[{"embeddable":true,"href":"https:\/\/www.encore-emea.com\/fr\/wp-json\/wp\/v2\/comments?post=8012"}],"version-history":[{"count":0,"href":"https:\/\/www.encore-emea.com\/fr\/wp-json\/wp\/v2\/pages\/8012\/revisions"}],"up":[{"embeddable":true,"href":"https:\/\/www.encore-emea.com\/fr\/wp-json\/wp\/v2\/pages\/7998"}],"wp:featuredmedia":[{"embeddable":true,"href":"https:\/\/www.encore-emea.com\/fr\/wp-json\/wp\/v2\/media\/5981"}],"wp:attachment":[{"href":"https:\/\/www.encore-emea.com\/fr\/wp-json\/wp\/v2\/media?parent=8012"}],"curies":[{"name":"wp","href":"https:\/\/api.w.org\/{rel}","templated":true}]}}